{"id":94,"date":"2012-12-11T19:19:46","date_gmt":"2012-12-11T17:19:46","guid":{"rendered":"http:\/\/lainvalmistelu\/?page_id=94"},"modified":"2013-01-30T08:48:35","modified_gmt":"2013-01-30T06:48:35","slug":"1-2","status":"publish","type":"page","link":"https:\/\/lainvalmistelu.finlex.fi\/sv\/1-esivalmistelu\/1-2\/","title":{"rendered":"1.2 Prelimin\u00e4r kartl\u00e4ggning"},"content":{"rendered":"<p>P\u00e5 basis av initiativet till lagberedning utreder beredaren\/beredningsteamet <span class=\"hover-tooltip\" data-title=\"Beredaren\" data-text=\"Den tj\u00e4nsteman i lagsberedningsprojektet som ansvar f\u00f6r utformningen av texter, beredninen av inneh\u00e5llsm\u00e4ssiga eller r\u00e4ttsliga avg\u00f6randen, eller konsekvensbed\u00f6mningen\">beredaren<\/span>\/<span class=\"hover-tooltip\" data-title=\"Beredningsteamet\" data-text=\"De tj\u00e4nstem\u00e4n som f\u00e5r till uppgift av tj\u00e4nstemannaledningen att delta i lagberedningsprojektet. Beredningsteamet best\u00e5r av ett n\u00f6dv\u00e4ndigt antal beredare och andra sakkunniga samt bitr\u00e4dande personal. En av beredarna i beredningsteamet utses till huvudansvarig f\u00f6r lagberedningsprojektet\">beredningsteamet<\/span> f\u00f6ljande: <\/p>\n<ul>\n<li>vilken kunskap som finns p\u00e5 omr\u00e5det<\/li>\n<li>hur den aktuella fr\u00e5gan har behandlats tidigare<\/li>\n<li>vilka f\u00f6rslag eller riktlinjer som lagts fram i fr\u00e5gan<\/li>\n<li>vilka diskussioner som f\u00f6rs kring fr\u00e5gan i offentligheten och i medierna, inkl. sociala medier <\/li>\n<li>vilken g\u00e4llande lagstiftning som finns p\u00e5 omr\u00e5det, samt<\/li>\n<li>vilka till\u00e4ggsutredningar som beh\u00f6vs.<\/li>\n<\/ul>\n<p>Beredaren\/beredningsteamet utreder olika alternativa s\u00e4tt att l\u00f6sa problemet eller uppn\u00e5 m\u00e5let. I samband med utredningen identifieras olika styrmetoder, ocks\u00e5 s\u00e5dana som inte h\u00f6r till lagstiftningen eller den offentliga f\u00f6rvaltningens kompetensomr\u00e5de. Om det \u00e4r en lagstiftningsfr\u00e5ga identifieras ocks\u00e5 styrmetoder som kompletterar lagstiftningen.<br \/>\n<\/p>","protected":false},"excerpt":{"rendered":"<p>P\u00e5 basis av initiativet till lagberedning utreder beredaren\/beredningsteamet \/ f\u00f6ljande: vilken kunskap som finns p\u00e5 omr\u00e5det hur den aktuella fr\u00e5gan har behandlats tidigare vilka f\u00f6rslag eller riktlinjer som lagts fram i fr\u00e5gan vilka diskussioner som f\u00f6rs kring fr\u00e5gan i offentligheten och i medierna, inkl. sociala medier vilken g\u00e4llande lagstiftning som finns p\u00e5 omr\u00e5det, samt vilka [&hellip;]<\/p>\n","protected":false},"author":1,"featured_media":0,"parent":64,"menu_order":0,"comment_status":"closed","ping_status":"closed","template":"","meta":{"footnotes":""},"tags":[],"_links":{"self":[{"href":"https:\/\/lainvalmistelu.finlex.fi\/sv\/wp-json\/wp\/v2\/pages\/94"}],"collection":[{"href":"https:\/\/lainvalmistelu.finlex.fi\/sv\/wp-json\/wp\/v2\/pages"}],"about":[{"href":"https:\/\/lainvalmistelu.finlex.fi\/sv\/wp-json\/wp\/v2\/types\/page"}],"author":[{"embeddable":true,"href":"https:\/\/lainvalmistelu.finlex.fi\/sv\/wp-json\/wp\/v2\/users\/1"}],"replies":[{"embeddable":true,"href":"https:\/\/lainvalmistelu.finlex.fi\/sv\/wp-json\/wp\/v2\/comments?post=94"}],"version-history":[{"count":22,"href":"https:\/\/lainvalmistelu.finlex.fi\/sv\/wp-json\/wp\/v2\/pages\/94\/revisions"}],"predecessor-version":[{"id":260,"href":"https:\/\/lainvalmistelu.finlex.fi\/sv\/wp-json\/wp\/v2\/pages\/94\/revisions\/260"}],"up":[{"embeddable":true,"href":"https:\/\/lainvalmistelu.finlex.fi\/sv\/wp-json\/wp\/v2\/pages\/64"}],"wp:attachment":[{"href":"https:\/\/lainvalmistelu.finlex.fi\/sv\/wp-json\/wp\/v2\/media?parent=94"}],"wp:term":[{"taxonomy":"post_tag","embeddable":true,"href":"https:\/\/lainvalmistelu.finlex.fi\/sv\/wp-json\/wp\/v2\/tags?post=94"}],"curies":[{"name":"wp","href":"https:\/\/api.w.org\/{rel}","templated":true}]}}