{"id":84,"date":"2012-12-11T19:08:20","date_gmt":"2012-12-11T17:08:20","guid":{"rendered":"http:\/\/lainvalmistelu\/?page_id=84"},"modified":"2022-11-25T14:30:05","modified_gmt":"2022-11-25T12:30:05","slug":"aloite","status":"publish","type":"page","link":"https:\/\/lainvalmistelu.finlex.fi\/sv\/aloite\/","title":{"rendered":"Initiativ"},"content":{"rendered":"<p>Lagberedningsprocessen vid ett ministerium inleds utifr\u00e5n ett initiativ till lagberedning, som kan best\u00e5 av till exempel f\u00f6ljande<\/p>\n<ul>\n<li>notering i <a href=\"http:\/\/valtioneuvosto.fi\/sv\/sipila\/regeringsprogrammet\" title=\"Regeringsprogrammet\" target=\"_blank\">regeringsprogrammet<\/a>;<\/li>\n<li>uttalande fr\u00e5n riksdagen<\/li>\n<li>medborgarsinitiativ<\/li>\n<li>statens budgetf\u00f6rslag, d\u00e5 detta f\u00f6ruts\u00e4tter lag\u00e4ndringar<\/li>\n<li>inledningsfasen i beredningen av en EU-f\u00f6rfattning som f\u00f6ruts\u00e4tter nationellt genomf\u00f6rande<\/li>\n<li>avg\u00f6rande av EU-domstolen eller tolkning av kommissionen<\/li>\n<li>initiativ fr\u00e5n en intressentgrupp eller en myndighet med verkst\u00e4llighetsansvar<\/li>\n<li>ministerns eller ministeriets eget initiativ som baserar sig p\u00e5 till exempel insamlad information, unders\u00f6kningar eller utredningar, eller p\u00e5verkst\u00e4llighet av lagstiftning eller konsekvensbed\u00f6mning.<\/li>\n<\/ul>\n<p><\/p>","protected":false},"excerpt":{"rendered":"<p>Lagberedningsprocessen vid ett ministerium inleds utifr\u00e5n ett initiativ till lagberedning, som kan best\u00e5 av till exempel f\u00f6ljande notering i ; uttalande fr\u00e5n riksdagen statens budgetf\u00f6rslag, d\u00e5 detta f\u00f6ruts\u00e4tter lag\u00e4ndringar inledningsfasen i beredningen av en EU-f\u00f6rfattning som f\u00f6ruts\u00e4tter nationellt genomf\u00f6rande avg\u00f6rande av EU-domstolen eller tolkning av kommissionen initiativ fr\u00e5n en intressentgrupp eller en myndighet med verkst\u00e4llighetsansvar [&hellip;]<\/p>\n","protected":false},"author":1,"featured_media":0,"parent":0,"menu_order":0,"comment_status":"closed","ping_status":"closed","template":"","meta":{"footnotes":""},"tags":[],"_links":{"self":[{"href":"https:\/\/lainvalmistelu.finlex.fi\/sv\/wp-json\/wp\/v2\/pages\/84"}],"collection":[{"href":"https:\/\/lainvalmistelu.finlex.fi\/sv\/wp-json\/wp\/v2\/pages"}],"about":[{"href":"https:\/\/lainvalmistelu.finlex.fi\/sv\/wp-json\/wp\/v2\/types\/page"}],"author":[{"embeddable":true,"href":"https:\/\/lainvalmistelu.finlex.fi\/sv\/wp-json\/wp\/v2\/users\/1"}],"replies":[{"embeddable":true,"href":"https:\/\/lainvalmistelu.finlex.fi\/sv\/wp-json\/wp\/v2\/comments?post=84"}],"version-history":[{"count":46,"href":"https:\/\/lainvalmistelu.finlex.fi\/sv\/wp-json\/wp\/v2\/pages\/84\/revisions"}],"predecessor-version":[{"id":2148,"href":"https:\/\/lainvalmistelu.finlex.fi\/sv\/wp-json\/wp\/v2\/pages\/84\/revisions\/2148"}],"wp:attachment":[{"href":"https:\/\/lainvalmistelu.finlex.fi\/sv\/wp-json\/wp\/v2\/media?parent=84"}],"wp:term":[{"taxonomy":"post_tag","embeddable":true,"href":"https:\/\/lainvalmistelu.finlex.fi\/sv\/wp-json\/wp\/v2\/tags?post=84"}],"curies":[{"name":"wp","href":"https:\/\/api.w.org\/{rel}","templated":true}]}}