{"id":82,"date":"2012-12-11T19:07:13","date_gmt":"2012-12-11T17:07:13","guid":{"rendered":"http:\/\/lainvalmistelu\/?page_id=82"},"modified":"2013-01-28T09:30:48","modified_gmt":"2013-01-28T07:30:48","slug":"seuranta","status":"publish","type":"page","link":"https:\/\/lainvalmistelu.finlex.fi\/sv\/seuranta\/","title":{"rendered":"Uppf\u00f6ljning"},"content":{"rendered":"<p><\/p>\n<p>Verkst\u00e4lligheten och konsekvenserna uppf\u00f6ljs fr\u00e5n och med det att lagen tr\u00e4tt i kraft. Syftet med uppf\u00f6ljningen \u00e4r att bed\u00f6ma lagens effekt och eventuella \u00e4ndringsbehov. Den information som insamlas i samband med uppf\u00f6ljningen beh\u00f6vs p\u00e5 l\u00e4ngre sikt ocks\u00e5 som underlag f\u00f6r kommande lagrevideringsprojekt.<\/p>\n<p>F\u00f6r uppf\u00f6ljningen ansvarar det ministerium som berett lagen. Uppf\u00f6ljningen planeras under lagberedningen och beskrivs i korthet i motiveringstexten i regeringens proposition. I samband med planeringen fastst\u00e4lls fokusomr\u00e5dena f\u00f6r uppf\u00f6ljningen, och anskaffningen av n\u00f6dv\u00e4ndiga resurser f\u00f6rbereds. Planeringen g\u00f6r det ocks\u00e5 l\u00e4ttare att bed\u00f6ma hur lagens konsekvenser i praktiken kan observeras.<\/p>\n<p>Uppf\u00f6ljningen verkst\u00e4lls genom bland annat f\u00f6ljande metoder och f\u00f6rfaranden:<\/p>\n<ul>\n<li>unders\u00f6kningar och utredningar<\/li>\n<li>statistik<\/li>\n<li>domstolsavg\u00f6randen<\/li>\n<li>f\u00f6rvaltningsmyndigheters beslut och praxis<\/li>\n<li>respons- och diskussionsm\u00f6ten, samt<\/li>\n<li>f\u00f6rfr\u00e5gningar och annan insamling av respons.<\/li>\n<\/ul>\n<p>Uppf\u00f6ljningen av verkst\u00e4lligheten och konsekvenserna kan anses vara tillr\u00e4cklig om den uppfyller f\u00f6ljande krav:<\/p>\n<ul>\n<li>uppf\u00f6ljningen \u00e4r systematisk, r\u00e4ttidig och tillr\u00e4ckligt omfattande<\/li>\n<li>resultaten j\u00e4mf\u00f6rs med m\u00e5len f\u00f6r lagen och de konsekvenser som lagen i beredningsfasen uppskattats f\u00e5<\/li>\n<li>metoderna, f\u00f6rfarandena och resultaten bokf\u00f6rs p\u00e5 ett s\u00e4tt som \u00e4r l\u00e4tt att verifiera senare.<\/li>\n<\/ul>\n<p>\u00a0<\/p>\n<p><\/p>","protected":false},"excerpt":{"rendered":"<p>Verkst\u00e4lligheten och konsekvenserna uppf\u00f6ljs fr\u00e5n och med det att lagen tr\u00e4tt i kraft. Syftet med uppf\u00f6ljningen \u00e4r att bed\u00f6ma lagens effekt och eventuella \u00e4ndringsbehov. Den information som insamlas i samband med uppf\u00f6ljningen beh\u00f6vs p\u00e5 l\u00e4ngre sikt ocks\u00e5 som underlag f\u00f6r kommande lagrevideringsprojekt. F\u00f6r uppf\u00f6ljningen ansvarar det ministerium som berett lagen. Uppf\u00f6ljningen planeras under lagberedningen och [&hellip;]<\/p>\n","protected":false},"author":1,"featured_media":0,"parent":0,"menu_order":0,"comment_status":"closed","ping_status":"closed","template":"","meta":{"footnotes":""},"tags":[],"_links":{"self":[{"href":"https:\/\/lainvalmistelu.finlex.fi\/sv\/wp-json\/wp\/v2\/pages\/82"}],"collection":[{"href":"https:\/\/lainvalmistelu.finlex.fi\/sv\/wp-json\/wp\/v2\/pages"}],"about":[{"href":"https:\/\/lainvalmistelu.finlex.fi\/sv\/wp-json\/wp\/v2\/types\/page"}],"author":[{"embeddable":true,"href":"https:\/\/lainvalmistelu.finlex.fi\/sv\/wp-json\/wp\/v2\/users\/1"}],"replies":[{"embeddable":true,"href":"https:\/\/lainvalmistelu.finlex.fi\/sv\/wp-json\/wp\/v2\/comments?post=82"}],"version-history":[{"count":10,"href":"https:\/\/lainvalmistelu.finlex.fi\/sv\/wp-json\/wp\/v2\/pages\/82\/revisions"}],"predecessor-version":[{"id":1294,"href":"https:\/\/lainvalmistelu.finlex.fi\/sv\/wp-json\/wp\/v2\/pages\/82\/revisions\/1294"}],"wp:attachment":[{"href":"https:\/\/lainvalmistelu.finlex.fi\/sv\/wp-json\/wp\/v2\/media?parent=82"}],"wp:term":[{"taxonomy":"post_tag","embeddable":true,"href":"https:\/\/lainvalmistelu.finlex.fi\/sv\/wp-json\/wp\/v2\/tags?post=82"}],"curies":[{"name":"wp","href":"https:\/\/api.w.org\/{rel}","templated":true}]}}