{"id":80,"date":"2012-12-11T19:05:53","date_gmt":"2012-12-11T17:05:53","guid":{"rendered":"http:\/\/lainvalmistelu\/?page_id=80"},"modified":"2013-01-25T14:15:57","modified_gmt":"2013-01-25T12:15:57","slug":"taytantoonpano","status":"publish","type":"page","link":"https:\/\/lainvalmistelu.finlex.fi\/sv\/taytantoonpano\/","title":{"rendered":"Verkst\u00e4llighet"},"content":{"rendered":"<p><\/p>\n<p>Med verkst\u00e4lligheten av en lag avses de \u00e5tg\u00e4rder med hj\u00e4lp av vilka den offentliga f\u00f6rvaltningen till\u00e4mpar och i praktiken verkst\u00e4ller lagen. Det ministerium som ansvarar f\u00f6r beredningen av lagen planerar i allm\u00e4nhet verkst\u00e4lligheten under den egentliga beredningen i samarbete med de myndigheter som i praktiken ansvarar f\u00f6r verkst\u00e4lligheten. Verkst\u00e4lligheten kan ankomma p\u00e5 till exempel de \u00e4mbetsverk som lyder under ministerierna, regionf\u00f6rvaltningen, kommunerna eller domstolarna.<\/p>\n<p>Ur de verkst\u00e4llighetsansvariga myndigheternas synvinkel fr\u00e4mjar bland annat f\u00f6ljande faktorer en framg\u00e5ngsrik verkst\u00e4llighet av lagen:<\/p>\n<ul>\n<li>tillr\u00e4cklig personal, kompetens, verktyg och andra n\u00f6dv\u00e4ndiga resurser<\/li>\n<li>smidigt och effektivt samarbete med andra myndigheter som har samma uppgifter<\/li>\n<li>st\u00f6d och handledning fr\u00e5n h\u00f6gre myndigheter, dock s\u00e5 att dessa inte alltf\u00f6r mycket befattar sig med detaljer eller fr\u00e5gor som faller innanf\u00f6r l\u00e4gre myndigheters beh\u00f6righet, samt<\/li>\n<li>h\u00f6rande av intressentgrupper som p\u00e5verkas av lagen i samband med beredningen av lagen.<\/li>\n<\/ul>\n<p>Det ministerium som ansvarar f\u00f6r lagberedningen kan st\u00f6dja verkst\u00e4lligheten genom bland annat f\u00f6ljande metoder:<\/p>\n<ul>\n<li>f\u00f6rordningar och f\u00f6reskrifter<\/li>\n<li>anvisningar och rekommendationer<\/li>\n<li>information och utnyttjande av medierna<\/li>\n<li>utbildning och r\u00e5dgivning, samt<\/li>\n<li>incitament, till exempel erk\u00e4nnanden eller bel\u00f6ningar f\u00f6r bra prestationer.<\/li>\n<\/ul>\n<p><\/p>","protected":false},"excerpt":{"rendered":"<p>Med verkst\u00e4lligheten av en lag avses de \u00e5tg\u00e4rder med hj\u00e4lp av vilka den offentliga f\u00f6rvaltningen till\u00e4mpar och i praktiken verkst\u00e4ller lagen. Det ministerium som ansvarar f\u00f6r beredningen av lagen planerar i allm\u00e4nhet verkst\u00e4lligheten under den egentliga beredningen i samarbete med de myndigheter som i praktiken ansvarar f\u00f6r verkst\u00e4lligheten. Verkst\u00e4lligheten kan ankomma p\u00e5 till exempel de [&hellip;]<\/p>\n","protected":false},"author":1,"featured_media":0,"parent":0,"menu_order":0,"comment_status":"closed","ping_status":"closed","template":"","meta":{"footnotes":""},"tags":[],"_links":{"self":[{"href":"https:\/\/lainvalmistelu.finlex.fi\/sv\/wp-json\/wp\/v2\/pages\/80"}],"collection":[{"href":"https:\/\/lainvalmistelu.finlex.fi\/sv\/wp-json\/wp\/v2\/pages"}],"about":[{"href":"https:\/\/lainvalmistelu.finlex.fi\/sv\/wp-json\/wp\/v2\/types\/page"}],"author":[{"embeddable":true,"href":"https:\/\/lainvalmistelu.finlex.fi\/sv\/wp-json\/wp\/v2\/users\/1"}],"replies":[{"embeddable":true,"href":"https:\/\/lainvalmistelu.finlex.fi\/sv\/wp-json\/wp\/v2\/comments?post=80"}],"version-history":[{"count":8,"href":"https:\/\/lainvalmistelu.finlex.fi\/sv\/wp-json\/wp\/v2\/pages\/80\/revisions"}],"predecessor-version":[{"id":256,"href":"https:\/\/lainvalmistelu.finlex.fi\/sv\/wp-json\/wp\/v2\/pages\/80\/revisions\/256"}],"wp:attachment":[{"href":"https:\/\/lainvalmistelu.finlex.fi\/sv\/wp-json\/wp\/v2\/media?parent=80"}],"wp:term":[{"taxonomy":"post_tag","embeddable":true,"href":"https:\/\/lainvalmistelu.finlex.fi\/sv\/wp-json\/wp\/v2\/tags?post=80"}],"curies":[{"name":"wp","href":"https:\/\/api.w.org\/{rel}","templated":true}]}}