{"id":786,"date":"2012-12-21T11:03:17","date_gmt":"2012-12-21T09:03:17","guid":{"rendered":"http:\/\/lainvalmistelu\/?page_id=786"},"modified":"2013-01-25T10:11:37","modified_gmt":"2013-01-25T08:11:37","slug":"usein-kysyttya","status":"publish","type":"page","link":"https:\/\/lainvalmistelu.finlex.fi\/sv\/usein-kysyttya\/","title":{"rendered":"Vanliga fr\u00e5gor"},"content":{"rendered":"<p><\/p>\n<h4>M\u00e5ste tj\u00e4nstem\u00e4nnen f\u00f6lja processhandboken?<\/h4>\n<p>Nej, handboken \u00e4r inte bindande f\u00f6r ministerierna. Handboken inneh\u00e5ller l\u00e4nkar till best\u00e4mmelser och f\u00f6reskrifter som m\u00e5ste iakttas i lagberedningen.<\/p>\n<h4>Best\u00e5r lagberedningen verkligen av s\u00e5 h\u00e4r m\u00e5nga faser?<\/h4>\n<p>Ja och nej. Lagberedningsprojektets l\u00e4ngd och m\u00e4ngden arbete som kr\u00e4vs varierar beroende p\u00e5 \u00e4rendets omfattning och betydelse. Processhandboken \u00e4r en modell \u00f6ver arbetsfaserna i ett omfattande lagberedningsprojekt. I fr\u00e5ga om sm\u00e5 eller tekniska lag\u00e4ndringar omfattar arbetsprocessen inte alla de beredningsfaser som anges i handboken.<\/p>","protected":false},"excerpt":{"rendered":"<p>M\u00e5ste tj\u00e4nstem\u00e4nnen f\u00f6lja processhandboken? Nej, handboken \u00e4r inte bindande f\u00f6r ministerierna. Handboken inneh\u00e5ller l\u00e4nkar till best\u00e4mmelser och f\u00f6reskrifter som m\u00e5ste iakttas i lagberedningen. Best\u00e5r lagberedningen verkligen av s\u00e5 h\u00e4r m\u00e5nga faser? Ja och nej. Lagberedningsprojektets l\u00e4ngd och m\u00e4ngden arbete som kr\u00e4vs varierar beroende p\u00e5 \u00e4rendets omfattning och betydelse. Processhandboken \u00e4r en modell \u00f6ver arbetsfaserna i [&hellip;]<\/p>\n","protected":false},"author":1,"featured_media":0,"parent":0,"menu_order":0,"comment_status":"closed","ping_status":"closed","template":"textpage.php","meta":{"footnotes":""},"tags":[],"_links":{"self":[{"href":"https:\/\/lainvalmistelu.finlex.fi\/sv\/wp-json\/wp\/v2\/pages\/786"}],"collection":[{"href":"https:\/\/lainvalmistelu.finlex.fi\/sv\/wp-json\/wp\/v2\/pages"}],"about":[{"href":"https:\/\/lainvalmistelu.finlex.fi\/sv\/wp-json\/wp\/v2\/types\/page"}],"author":[{"embeddable":true,"href":"https:\/\/lainvalmistelu.finlex.fi\/sv\/wp-json\/wp\/v2\/users\/1"}],"replies":[{"embeddable":true,"href":"https:\/\/lainvalmistelu.finlex.fi\/sv\/wp-json\/wp\/v2\/comments?post=786"}],"version-history":[{"count":17,"href":"https:\/\/lainvalmistelu.finlex.fi\/sv\/wp-json\/wp\/v2\/pages\/786\/revisions"}],"predecessor-version":[{"id":1575,"href":"https:\/\/lainvalmistelu.finlex.fi\/sv\/wp-json\/wp\/v2\/pages\/786\/revisions\/1575"}],"wp:attachment":[{"href":"https:\/\/lainvalmistelu.finlex.fi\/sv\/wp-json\/wp\/v2\/media?parent=786"}],"wp:term":[{"taxonomy":"post_tag","embeddable":true,"href":"https:\/\/lainvalmistelu.finlex.fi\/sv\/wp-json\/wp\/v2\/tags?post=786"}],"curies":[{"name":"wp","href":"https:\/\/api.w.org\/{rel}","templated":true}]}}