{"id":78,"date":"2012-12-11T19:04:01","date_gmt":"2012-12-11T17:04:01","guid":{"rendered":"http:\/\/lainvalmistelu\/?page_id=78"},"modified":"2013-01-31T10:09:08","modified_gmt":"2013-01-31T08:09:08","slug":"7-lain-vahvistaminen","status":"publish","type":"page","link":"https:\/\/lainvalmistelu.finlex.fi\/sv\/7-lain-vahvistaminen\/","title":{"rendered":"7 Stadf\u00e4stande av lag"},"content":{"rendered":"<p><\/p>\n<p>Republikens president beslutar om stadf\u00e4standet av en lag som godk\u00e4nts av riksdagen. Statsr\u00e5det informerar om republikens presidents beslut p\u00e5 <a href=\"http:\/\/valtioneuvosto.fi\/ajankohtaista\/paatokset\/fi.jsp\" title=\"Statr\u00e5dets webbplats\" target=\"_blank\">sin webbplats (p\u00e5 finska)<\/a>.<\/p>\n<p>Den stadf\u00e4sta lagen publiceras i Finlands f\u00f6rfattningssamling. Efter att lagen publicerats tr\u00e4der den i kraft p\u00e5 en i lagen angiven dag. Alternativt kan ikrafttr\u00e4dandet fastst\u00e4llas senare genom f\u00f6rordning. Den g\u00e4llande lagstiftningen finns tillg\u00e4nglig i <a href=\"http:\/\/www.finlex.fi\/sv\/\" title=\"Finlex\" target=\"_blank\">databasen Finlex<\/a>.<\/p>\n<p><\/p>","protected":false},"excerpt":{"rendered":"<p>Republikens president beslutar om stadf\u00e4standet av en lag som godk\u00e4nts av riksdagen. Statsr\u00e5det informerar om republikens presidents beslut p\u00e5 . Den stadf\u00e4sta lagen publiceras i Finlands f\u00f6rfattningssamling. Efter att lagen publicerats tr\u00e4der den i kraft p\u00e5 en i lagen angiven dag. Alternativt kan ikrafttr\u00e4dandet fastst\u00e4llas senare genom f\u00f6rordning. Den g\u00e4llande lagstiftningen finns tillg\u00e4nglig i .<\/p>\n","protected":false},"author":1,"featured_media":0,"parent":0,"menu_order":0,"comment_status":"closed","ping_status":"closed","template":"","meta":{"footnotes":""},"tags":[],"_links":{"self":[{"href":"https:\/\/lainvalmistelu.finlex.fi\/sv\/wp-json\/wp\/v2\/pages\/78"}],"collection":[{"href":"https:\/\/lainvalmistelu.finlex.fi\/sv\/wp-json\/wp\/v2\/pages"}],"about":[{"href":"https:\/\/lainvalmistelu.finlex.fi\/sv\/wp-json\/wp\/v2\/types\/page"}],"author":[{"embeddable":true,"href":"https:\/\/lainvalmistelu.finlex.fi\/sv\/wp-json\/wp\/v2\/users\/1"}],"replies":[{"embeddable":true,"href":"https:\/\/lainvalmistelu.finlex.fi\/sv\/wp-json\/wp\/v2\/comments?post=78"}],"version-history":[{"count":25,"href":"https:\/\/lainvalmistelu.finlex.fi\/sv\/wp-json\/wp\/v2\/pages\/78\/revisions"}],"predecessor-version":[{"id":1869,"href":"https:\/\/lainvalmistelu.finlex.fi\/sv\/wp-json\/wp\/v2\/pages\/78\/revisions\/1869"}],"wp:attachment":[{"href":"https:\/\/lainvalmistelu.finlex.fi\/sv\/wp-json\/wp\/v2\/media?parent=78"}],"wp:term":[{"taxonomy":"post_tag","embeddable":true,"href":"https:\/\/lainvalmistelu.finlex.fi\/sv\/wp-json\/wp\/v2\/tags?post=78"}],"curies":[{"name":"wp","href":"https:\/\/api.w.org\/{rel}","templated":true}]}}