{"id":775,"date":"2012-12-21T10:03:27","date_gmt":"2012-12-21T08:03:27","guid":{"rendered":"http:\/\/lainvalmistelu\/?page_id=775"},"modified":"2015-09-09T18:58:34","modified_gmt":"2015-09-09T15:58:34","slug":"tietoa-palvelusta","status":"publish","type":"page","link":"https:\/\/lainvalmistelu.finlex.fi\/sv\/tietoa-palvelusta\/","title":{"rendered":"Information om webbplatsen"},"content":{"rendered":"<p><\/p>\n<h3>Processhandboken f\u00f6r lagberedningen i korthet<\/h3>\n<p>Processhandboken bygger p\u00e5 de best\u00e4mmelser, f\u00f6reskrifter och anvisningar som utf\u00e4rdats om lagberedningen samt p\u00e5 tillv\u00e4gag\u00e5ngss\u00e4tt som \u00e4r f\u00f6renliga med god praxis. Syftet \u00e4r att ge en bild av hur lagberedningen framskrider och hj\u00e4lpa tj\u00e4nstem\u00e4nnen att v\u00e4lja \u00e4ndam\u00e5lsenliga f\u00f6rfaringss\u00e4tt i respektive lagberedningsprojekt. Handboken \u00e4r avsedd f\u00f6r gemensamt bruk inom statsr\u00e5det och tar inte h\u00e4nsyn till ministeriernas varierande organisationer och interna f\u00f6rfaranden.<\/p>\n<p>Processhandboken redog\u00f6r f\u00f6r ministeriernas arbete inom beredningen av nationell lagstiftning. Lagbehandlingen i riksdagen beskrivs utg\u00e5ende fr\u00e5n de uppgifter som h\u00f6r till ministeriet i fr\u00e5ga. Handboken tar upp hur EU-lagstiftningen ska genomf\u00f6ras i den nationella lagberedningen. D\u00e4remot behandlar den inte beredningen av EU-f\u00f6rfattningar och inte heller s\u00e4rdragen i den nationella lagberedning som kr\u00e4vs f\u00f6r att s\u00e4tta i kraft internationella f\u00f6rdrag.<\/p>\n<p>Processhandboken grundar sig p\u00e5 <a title=\"processmodellen f\u00f6r lagberedning\" href=\"http:\/\/www.om.fi\/sv\/Etusivu\/Parempisaantely\/Kehittamishankkeita\/Sujuvampaanlainvalmisteluun\">processmodellen f\u00f6r lagberedning<\/a>, som bereddes inom justitieministeriets projekt f\u00f6r smidigare lagberedning under \u00e5ren 2010\u20132011. Utl\u00e5tanden om processmodellen har beg\u00e4rts av ministerierna och intressentgrupperna. P\u00e5 basis av <a title=\"utl\u00e5tandena\" href=\"http:\/\/www.om.fi\/sv\/Etusivu\/1330603379939\">utl\u00e5tandena<\/a> har processmodellen genom ett tj\u00e4nsteuppdrag vid justitieministeriet utformats till en processhandbok.<\/p>\n<h4>Hur ska processhandboken l\u00e4sas?<\/h4>\n<p>Processhandboken beskriver lagberedningsprocessens arbetsfaser i fl\u00f6desscheman med kompletterande texter. I schemana kan man g\u00e5 fr\u00e5n en allm\u00e4n beskrivning av processen till en mer detaljerad niv\u00e5 samt f\u00f6rflytta sig fram\u00e5t och bak\u00e5t i processen. Texten kommer fram d\u00e5 man f\u00f6r musen ovanp\u00e5 schemat eller klickar p\u00e5 det. Handboken kan skrivas ut som textversion.<\/p>","protected":false},"excerpt":{"rendered":"<p>Processhandboken f\u00f6r lagberedningen i korthet Processhandboken bygger p\u00e5 de best\u00e4mmelser, f\u00f6reskrifter och anvisningar som utf\u00e4rdats om lagberedningen samt p\u00e5 tillv\u00e4gag\u00e5ngss\u00e4tt som \u00e4r f\u00f6renliga med god praxis. Syftet \u00e4r att ge en bild av hur lagberedningen framskrider och hj\u00e4lpa tj\u00e4nstem\u00e4nnen att v\u00e4lja \u00e4ndam\u00e5lsenliga f\u00f6rfaringss\u00e4tt i respektive lagberedningsprojekt. Handboken \u00e4r avsedd f\u00f6r gemensamt bruk inom statsr\u00e5det och [&hellip;]<\/p>\n","protected":false},"author":1,"featured_media":0,"parent":0,"menu_order":0,"comment_status":"closed","ping_status":"closed","template":"textpage.php","meta":{"footnotes":""},"tags":[],"_links":{"self":[{"href":"https:\/\/lainvalmistelu.finlex.fi\/sv\/wp-json\/wp\/v2\/pages\/775"}],"collection":[{"href":"https:\/\/lainvalmistelu.finlex.fi\/sv\/wp-json\/wp\/v2\/pages"}],"about":[{"href":"https:\/\/lainvalmistelu.finlex.fi\/sv\/wp-json\/wp\/v2\/types\/page"}],"author":[{"embeddable":true,"href":"https:\/\/lainvalmistelu.finlex.fi\/sv\/wp-json\/wp\/v2\/users\/1"}],"replies":[{"embeddable":true,"href":"https:\/\/lainvalmistelu.finlex.fi\/sv\/wp-json\/wp\/v2\/comments?post=775"}],"version-history":[{"count":25,"href":"https:\/\/lainvalmistelu.finlex.fi\/sv\/wp-json\/wp\/v2\/pages\/775\/revisions"}],"predecessor-version":[{"id":1970,"href":"https:\/\/lainvalmistelu.finlex.fi\/sv\/wp-json\/wp\/v2\/pages\/775\/revisions\/1970"}],"wp:attachment":[{"href":"https:\/\/lainvalmistelu.finlex.fi\/sv\/wp-json\/wp\/v2\/media?parent=775"}],"wp:term":[{"taxonomy":"post_tag","embeddable":true,"href":"https:\/\/lainvalmistelu.finlex.fi\/sv\/wp-json\/wp\/v2\/tags?post=775"}],"curies":[{"name":"wp","href":"https:\/\/api.w.org\/{rel}","templated":true}]}}