{"id":76,"date":"2012-12-11T19:03:27","date_gmt":"2012-12-11T17:03:27","guid":{"rendered":"http:\/\/lainvalmistelu\/?page_id=76"},"modified":"2017-08-31T19:12:43","modified_gmt":"2017-08-31T16:12:43","slug":"6-eduskuntakasittely","status":"publish","type":"page","link":"https:\/\/lainvalmistelu.finlex.fi\/sv\/6-eduskuntakasittely\/","title":{"rendered":"6 Riksdagsbehandling"},"content":{"rendered":"<p>Under riksdagens behandling av regeringens proposition h\u00f6r riksdagens utskott tj\u00e4nstem\u00e4n fr\u00e5n det ministerium som berett propositionen och andra sakkunniga. Ministeriets tj\u00e4nstem\u00e4n l\u00e4mnar vid behov n\u00e4rmare information om det \u00e4rende som behandlas. Riksdagsbehandlingen kan f\u00f6ljas p\u00e5 <a href=\"http:\/\/web.eduskunta.fi\/Resource.phx\/riksdagen\/index.htx\" title=\"Riksdagen\" target=\"_blank\">riksdagens webbplats<\/a>.<br \/>\n<\/p>","protected":false},"excerpt":{"rendered":"<p>Under riksdagens behandling av regeringens proposition h\u00f6r riksdagens utskott tj\u00e4nstem\u00e4n fr\u00e5n det ministerium som berett propositionen och andra sakkunniga. Ministeriets tj\u00e4nstem\u00e4n l\u00e4mnar vid behov n\u00e4rmare information om det \u00e4rende som behandlas. Riksdagsbehandlingen kan f\u00f6ljas p\u00e5 .<\/p>\n","protected":false},"author":1,"featured_media":0,"parent":0,"menu_order":0,"comment_status":"closed","ping_status":"closed","template":"","meta":{"footnotes":""},"tags":[],"_links":{"self":[{"href":"https:\/\/lainvalmistelu.finlex.fi\/sv\/wp-json\/wp\/v2\/pages\/76"}],"collection":[{"href":"https:\/\/lainvalmistelu.finlex.fi\/sv\/wp-json\/wp\/v2\/pages"}],"about":[{"href":"https:\/\/lainvalmistelu.finlex.fi\/sv\/wp-json\/wp\/v2\/types\/page"}],"author":[{"embeddable":true,"href":"https:\/\/lainvalmistelu.finlex.fi\/sv\/wp-json\/wp\/v2\/users\/1"}],"replies":[{"embeddable":true,"href":"https:\/\/lainvalmistelu.finlex.fi\/sv\/wp-json\/wp\/v2\/comments?post=76"}],"version-history":[{"count":20,"href":"https:\/\/lainvalmistelu.finlex.fi\/sv\/wp-json\/wp\/v2\/pages\/76\/revisions"}],"predecessor-version":[{"id":2015,"href":"https:\/\/lainvalmistelu.finlex.fi\/sv\/wp-json\/wp\/v2\/pages\/76\/revisions\/2015"}],"wp:attachment":[{"href":"https:\/\/lainvalmistelu.finlex.fi\/sv\/wp-json\/wp\/v2\/media?parent=76"}],"wp:term":[{"taxonomy":"post_tag","embeddable":true,"href":"https:\/\/lainvalmistelu.finlex.fi\/sv\/wp-json\/wp\/v2\/tags?post=76"}],"curies":[{"name":"wp","href":"https:\/\/api.w.org\/{rel}","templated":true}]}}