{"id":74,"date":"2012-12-11T19:01:01","date_gmt":"2012-12-11T17:01:01","guid":{"rendered":"http:\/\/lainvalmistelu\/?page_id=74"},"modified":"2017-08-31T19:22:49","modified_gmt":"2017-08-31T16:22:49","slug":"5-valtioneuvoston-paatoksenteko","status":"publish","type":"page","link":"https:\/\/lainvalmistelu.finlex.fi\/sv\/5-valtioneuvoston-paatoksenteko\/","title":{"rendered":"5 Statsr\u00e5dets beslutsfattande"},"content":{"rendered":"<p>Regeringen beslutar vid statsr\u00e5dets allm\u00e4nna sammantr\u00e4de att regeringens proposition ska \u00f6verl\u00e4mnas till riksdagen. F\u00f6re det allm\u00e4nna sammantr\u00e4det behandlas propositionen i statsr\u00e5dets finansutskott, om de ekonomiska konsekvenserna av propositionen \u00e4r betydande. En tj\u00e4nsteman fr\u00e5n ministeriet fungerar som <span class=\"hover-tooltip\" data-title=\"F\u00f6redragande\" data-text=\"Den tj\u00e4nsteman i lagberedningsprocessen p\u00e5 vars framst\u00e4llning det best\u00e4ms att en regerinsproposition ska \u00f6verl\u00e4mnas till riksdagen eller en lag stadf\u00e4stas. &lt;a href=&quot;http:\/\/www.finlex.fi\/sv\/laki\/ajantasa\/1999\/19990731#L10P118&quot; title=&quot;Finlands grundlag 118 \u00a7 2&quot; target=&quot;_blank&quot;&gt;Grundlagen 118 \u00a7 2&lt;\/a&gt;, &lt;a href=&quot;http:\/\/www.finlex.fi\/sv\/laki\/ajantasa\/2003\/20030175#L3P21&quot; title=&quot;Lag om statsr\u00e5det 21 \u00a7&quot; target=&quot;_blank&quot;&gt;Lag om statsr\u00e5det 21 \u00a7&lt;\/a&gt;, &lt;a href=&quot;http:\/\/www.finlex.fi\/sv\/laki\/ajantasa\/2003\/20030262#L5P34&quot; title=&quot;Statsr\u00e5dets reglemente 34 \u00a7&quot; target=&quot;_blank&quot;&gt;Statsr\u00e5dets reglemente 34 \u00a7&lt;\/a&gt;\">f\u00f6redragande<\/span> vid det allm\u00e4nna sammantr\u00e4det. Statsr\u00e5det informerar om sina beslut p\u00e5 <a href=\"http:\/\/valtioneuvosto.fi\/ajankohtaista\/paatokset\/fi.jsp\" title=\"Statr\u00e5dets webbplats\" target=\"_blank\">sin webbplats<\/a>.<\/p>","protected":false},"excerpt":{"rendered":"<p>Regeringen beslutar vid statsr\u00e5dets allm\u00e4nna sammantr\u00e4de att regeringens proposition ska \u00f6verl\u00e4mnas till riksdagen. F\u00f6re det allm\u00e4nna sammantr\u00e4det behandlas propositionen i statsr\u00e5dets finansutskott, om de ekonomiska konsekvenserna av propositionen \u00e4r betydande. En tj\u00e4nsteman fr\u00e5n ministeriet fungerar som vid det allm\u00e4nna sammantr\u00e4det. Statsr\u00e5det informerar om sina beslut p\u00e5 .<\/p>\n","protected":false},"author":1,"featured_media":0,"parent":0,"menu_order":0,"comment_status":"closed","ping_status":"closed","template":"","meta":{"footnotes":""},"tags":[],"_links":{"self":[{"href":"https:\/\/lainvalmistelu.finlex.fi\/sv\/wp-json\/wp\/v2\/pages\/74"}],"collection":[{"href":"https:\/\/lainvalmistelu.finlex.fi\/sv\/wp-json\/wp\/v2\/pages"}],"about":[{"href":"https:\/\/lainvalmistelu.finlex.fi\/sv\/wp-json\/wp\/v2\/types\/page"}],"author":[{"embeddable":true,"href":"https:\/\/lainvalmistelu.finlex.fi\/sv\/wp-json\/wp\/v2\/users\/1"}],"replies":[{"embeddable":true,"href":"https:\/\/lainvalmistelu.finlex.fi\/sv\/wp-json\/wp\/v2\/comments?post=74"}],"version-history":[{"count":21,"href":"https:\/\/lainvalmistelu.finlex.fi\/sv\/wp-json\/wp\/v2\/pages\/74\/revisions"}],"predecessor-version":[{"id":2016,"href":"https:\/\/lainvalmistelu.finlex.fi\/sv\/wp-json\/wp\/v2\/pages\/74\/revisions\/2016"}],"wp:attachment":[{"href":"https:\/\/lainvalmistelu.finlex.fi\/sv\/wp-json\/wp\/v2\/media?parent=74"}],"wp:term":[{"taxonomy":"post_tag","embeddable":true,"href":"https:\/\/lainvalmistelu.finlex.fi\/sv\/wp-json\/wp\/v2\/tags?post=74"}],"curies":[{"name":"wp","href":"https:\/\/api.w.org\/{rel}","templated":true}]}}