{"id":72,"date":"2012-12-11T19:00:00","date_gmt":"2012-12-11T17:00:00","guid":{"rendered":"http:\/\/lainvalmistelu\/?page_id=72"},"modified":"2020-06-16T10:44:12","modified_gmt":"2020-06-16T07:44:12","slug":"4-jatkovalmistelu","status":"publish","type":"page","link":"https:\/\/lainvalmistelu.finlex.fi\/sv\/4-jatkovalmistelu\/","title":{"rendered":"4 Fortsatt beredning"},"content":{"rendered":"<p>Utifr\u00e5n den respons som f\u00e5s i samband med remissf\u00f6rfarandet fastst\u00e4lls inneh\u00e5llet i utkastet till regeringens proposition, och i enlighet med detta g\u00f6rs eventuella n\u00f6dv\u00e4ndiga \u00e4ndringar i utkastet. D\u00e4refter \u00f6vers\u00e4tts propositionen till svenska. De finsk- och svenskspr\u00e5kiga utkasten till regeringsproposition granskas vid justitieministeriets laggranskningsenhet. I samband med granskningen kontrolleras att utkasten \u00e4r skrivna i enlighet med anvisningarna om lagberedning och att den finskspr\u00e5kiga och den svenskspr\u00e5kiga versionen \u00e4r inneh\u00e5llsm\u00e4ssigt identiska. D\u00e4refter korrigeras texterna enligt de anm\u00e4rkningar som granskarna framf\u00f6rt.<\/p>","protected":false},"excerpt":{"rendered":"<p>Utifr\u00e5n den respons som f\u00e5s i samband med remissf\u00f6rfarandet fastst\u00e4lls inneh\u00e5llet i utkastet till regeringens proposition, och i enlighet med detta g\u00f6rs eventuella n\u00f6dv\u00e4ndiga \u00e4ndringar i utkastet. D\u00e4refter \u00f6vers\u00e4tts propositionen till svenska. De finsk- och svenskspr\u00e5kiga utkasten till regeringsproposition granskas vid justitieministeriets laggranskningsenhet. I samband med granskningen kontrolleras att utkasten \u00e4r skrivna i enlighet med [&hellip;]<\/p>\n","protected":false},"author":1,"featured_media":0,"parent":0,"menu_order":0,"comment_status":"closed","ping_status":"closed","template":"","meta":{"footnotes":""},"tags":[],"_links":{"self":[{"href":"https:\/\/lainvalmistelu.finlex.fi\/sv\/wp-json\/wp\/v2\/pages\/72"}],"collection":[{"href":"https:\/\/lainvalmistelu.finlex.fi\/sv\/wp-json\/wp\/v2\/pages"}],"about":[{"href":"https:\/\/lainvalmistelu.finlex.fi\/sv\/wp-json\/wp\/v2\/types\/page"}],"author":[{"embeddable":true,"href":"https:\/\/lainvalmistelu.finlex.fi\/sv\/wp-json\/wp\/v2\/users\/1"}],"replies":[{"embeddable":true,"href":"https:\/\/lainvalmistelu.finlex.fi\/sv\/wp-json\/wp\/v2\/comments?post=72"}],"version-history":[{"count":17,"href":"https:\/\/lainvalmistelu.finlex.fi\/sv\/wp-json\/wp\/v2\/pages\/72\/revisions"}],"predecessor-version":[{"id":2100,"href":"https:\/\/lainvalmistelu.finlex.fi\/sv\/wp-json\/wp\/v2\/pages\/72\/revisions\/2100"}],"wp:attachment":[{"href":"https:\/\/lainvalmistelu.finlex.fi\/sv\/wp-json\/wp\/v2\/media?parent=72"}],"wp:term":[{"taxonomy":"post_tag","embeddable":true,"href":"https:\/\/lainvalmistelu.finlex.fi\/sv\/wp-json\/wp\/v2\/tags?post=72"}],"curies":[{"name":"wp","href":"https:\/\/api.w.org\/{rel}","templated":true}]}}