{"id":70,"date":"2012-12-11T18:59:40","date_gmt":"2012-12-11T16:59:40","guid":{"rendered":"http:\/\/lainvalmistelu\/?page_id=70"},"modified":"2022-08-31T14:26:35","modified_gmt":"2022-08-31T11:26:35","slug":"3-lausuntomenettely","status":"publish","type":"page","link":"https:\/\/lainvalmistelu.finlex.fi\/sv\/3-lausuntomenettely\/","title":{"rendered":"3 Remissf\u00f6rfarande"},"content":{"rendered":"<p>Efter den egentliga beredningen beg\u00e4rs skriftliga utl\u00e5tanden om utkastet till regeringsproposition fr\u00e5n <span class=\"hover-tooltip\" data-title=\"Intressentgrupperna\" data-text=\"Akt\u00f6rer utanf\u00f6r det beredande ministeriet, vilka p\u00e5verkas av den lag som bereds eller vilka har insikt om dess konsekvenser, till exempel andra ministerier, myndigheter, forskningsinstitut, organisationer, f\u00f6retag och medborgarna\">intressentgrupperna<\/span>. Detta g\u00f6rs i allm\u00e4nhet ocks\u00e5 i s\u00e5dana fall d\u00e4r intressentgrupperna har h\u00f6rts p\u00e5 olika s\u00e4tt redan under f\u00f6rberedelsefasen och den egentliga beredningen. Beg\u00e4ran om utl\u00e5tande s\u00e4nds till alla centrala, k\u00e4nda intressentgrupper. Beg\u00e4ran publiceras ocks\u00e5 s\u00e5 att alla intresserade ska ha m\u00f6jlighet att ge ett utl\u00e5tande. All respons som f\u00e5s i form av utl\u00e5tanden sammanst\u00e4lls och publiceras.<\/p>\n<p>Regeringens propositioner s\u00e4nds p\u00e5 finska till statsr\u00e5dets kansli i samband med att propositionen s\u00e4nds p\u00e5 remiss.<\/p>","protected":false},"excerpt":{"rendered":"<p>Efter den egentliga beredningen beg\u00e4rs skriftliga utl\u00e5tanden om utkastet till regeringsproposition fr\u00e5n . Detta g\u00f6rs i allm\u00e4nhet ocks\u00e5 i s\u00e5dana fall d\u00e4r intressentgrupperna har h\u00f6rts p\u00e5 olika s\u00e4tt redan under f\u00f6rberedelsefasen och den egentliga beredningen. Beg\u00e4ran om utl\u00e5tande s\u00e4nds till alla centrala, k\u00e4nda intressentgrupper. Beg\u00e4ran publiceras ocks\u00e5 s\u00e5 att alla intresserade ska ha m\u00f6jlighet att [&hellip;]<\/p>\n","protected":false},"author":1,"featured_media":0,"parent":0,"menu_order":0,"comment_status":"closed","ping_status":"closed","template":"","meta":{"footnotes":""},"tags":[],"_links":{"self":[{"href":"https:\/\/lainvalmistelu.finlex.fi\/sv\/wp-json\/wp\/v2\/pages\/70"}],"collection":[{"href":"https:\/\/lainvalmistelu.finlex.fi\/sv\/wp-json\/wp\/v2\/pages"}],"about":[{"href":"https:\/\/lainvalmistelu.finlex.fi\/sv\/wp-json\/wp\/v2\/types\/page"}],"author":[{"embeddable":true,"href":"https:\/\/lainvalmistelu.finlex.fi\/sv\/wp-json\/wp\/v2\/users\/1"}],"replies":[{"embeddable":true,"href":"https:\/\/lainvalmistelu.finlex.fi\/sv\/wp-json\/wp\/v2\/comments?post=70"}],"version-history":[{"count":22,"href":"https:\/\/lainvalmistelu.finlex.fi\/sv\/wp-json\/wp\/v2\/pages\/70\/revisions"}],"predecessor-version":[{"id":2141,"href":"https:\/\/lainvalmistelu.finlex.fi\/sv\/wp-json\/wp\/v2\/pages\/70\/revisions\/2141"}],"wp:attachment":[{"href":"https:\/\/lainvalmistelu.finlex.fi\/sv\/wp-json\/wp\/v2\/media?parent=70"}],"wp:term":[{"taxonomy":"post_tag","embeddable":true,"href":"https:\/\/lainvalmistelu.finlex.fi\/sv\/wp-json\/wp\/v2\/tags?post=70"}],"curies":[{"name":"wp","href":"https:\/\/api.w.org\/{rel}","templated":true}]}}