{"id":66,"date":"2012-12-11T18:58:40","date_gmt":"2012-12-11T16:58:40","guid":{"rendered":"http:\/\/lainvalmistelu\/?page_id=66"},"modified":"2017-09-01T16:58:39","modified_gmt":"2017-09-01T13:58:39","slug":"2a-perusvalmistelu-virkatyo","status":"publish","type":"page","link":"https:\/\/lainvalmistelu.finlex.fi\/sv\/2a-perusvalmistelu-virkatyo\/","title":{"rendered":"2a Egentlig beredning &#8211; Tj\u00e4nsteuppdrag"},"content":{"rendered":"<p>Den egentliga beredningen genomf\u00f6rs antingen som tj\u00e4nsteuppdrag eller i beredningsorgan. Ministeriet l\u00e4mnar uppdraget till ett <span class=\"hover-tooltip\" data-title=\"Beredningsteamet\" data-text=\"De tj\u00e4nstem\u00e4n som f\u00e5r till uppgift av tj\u00e4nstemannaledningen att delta i lagberedningsprojektet. Beredningsteamet best\u00e5r av ett n\u00f6dv\u00e4ndigt antal beredare och andra sakkunniga samt bitr\u00e4dande personal. En av beredarna i beredningsteamet utses till huvudansvarig f\u00f6r lagberedningsprojektet\">beredningsteam<\/span>, om den egentliga beredningen genomf\u00f6rs som <span class=\"hover-tooltip\" data-title=\"Tj\u00e4nsteruppdrag\" data-text=\"Lagberedningsprojekt som utf\u00f6rs endast som tj\u00e4nstermannauppdrag\">tj\u00e4nsteuppdrag<\/span>. Den egentliga beredningen \u00e4r i allm\u00e4nhet den fas i lagberedningsprocessen som kr\u00e4ver den st\u00f6rsta arbetsinsatsen. Fasen inleds med att ett uppdrag om lagberedningsprojekt l\u00e4mnas och resulterar i ett utkast till regeringsproposition. Egentlig beredning g\u00e5r ut p\u00e5 att utveckla och precisera den information som insamlats om den aktuella fr\u00e5gan och att n\u00e4rmare utreda fr\u00e5gor som anknyter till grundlagen och andra lagar samt andra juridiska fr\u00e5gor. Vid behov best\u00e4lls unders\u00f6kningar eller utredningar f\u00f6r den egentliga beredningen. Alternativa l\u00f6sningar p\u00e5 fr\u00e5gor som ska avg\u00f6ras under beredningen fastst\u00e4lls och deras konsekvenser bed\u00f6ms. <span class=\"hover-tooltip\" data-title=\"Intressentgrupperna\" data-text=\"Akt\u00f6rer utanf\u00f6r det beredande ministeriet, vilka p\u00e5verkas av den lag som bereds eller vilka har insikt om dess konsekvenser, till exempel andra ministerier, myndigheter, forskningsinstitut, organisationer, f\u00f6retag och medborgarna\">Intressentgrupper <\/span> h\u00f6rs om den aktuella fr\u00e5gan. Uppgifterna som beh\u00f6vs under beredningen och konsekvensbed\u00f6mningen preciseras i takt med att arbetet framskrider. Under den egentliga beredningen skriver beredningsteamet lagtexten med motiveringar i utkastet till regeringens proposition. Utkastets inneh\u00e5ll fastst\u00e4lls beroende p\u00e5 den aktuella fr\u00e5gans betydelse av regeringen, ministern eller <span class=\"hover-tooltip\" data-title=\"Tj\u00e4nstemannaledningen\" data-text=\"Ministeriets kanslichef, avdelningschef, enhetschef eller annan chef f\u00f6r beredaren\">tj\u00e4nstemannaledningen<\/span>.<\/p>","protected":false},"excerpt":{"rendered":"<p>Den egentliga beredningen genomf\u00f6rs antingen som tj\u00e4nsteuppdrag eller i beredningsorgan. Ministeriet l\u00e4mnar uppdraget till ett , om den egentliga beredningen genomf\u00f6rs som . Den egentliga beredningen \u00e4r i allm\u00e4nhet den fas i lagberedningsprocessen som kr\u00e4ver den st\u00f6rsta arbetsinsatsen. Fasen inleds med att ett uppdrag om lagberedningsprojekt l\u00e4mnas och resulterar i ett utkast till regeringsproposition. Egentlig [&hellip;]<\/p>\n","protected":false},"author":1,"featured_media":0,"parent":0,"menu_order":0,"comment_status":"closed","ping_status":"closed","template":"","meta":{"footnotes":""},"tags":[],"_links":{"self":[{"href":"https:\/\/lainvalmistelu.finlex.fi\/sv\/wp-json\/wp\/v2\/pages\/66"}],"collection":[{"href":"https:\/\/lainvalmistelu.finlex.fi\/sv\/wp-json\/wp\/v2\/pages"}],"about":[{"href":"https:\/\/lainvalmistelu.finlex.fi\/sv\/wp-json\/wp\/v2\/types\/page"}],"author":[{"embeddable":true,"href":"https:\/\/lainvalmistelu.finlex.fi\/sv\/wp-json\/wp\/v2\/users\/1"}],"replies":[{"embeddable":true,"href":"https:\/\/lainvalmistelu.finlex.fi\/sv\/wp-json\/wp\/v2\/comments?post=66"}],"version-history":[{"count":32,"href":"https:\/\/lainvalmistelu.finlex.fi\/sv\/wp-json\/wp\/v2\/pages\/66\/revisions"}],"predecessor-version":[{"id":2042,"href":"https:\/\/lainvalmistelu.finlex.fi\/sv\/wp-json\/wp\/v2\/pages\/66\/revisions\/2042"}],"wp:attachment":[{"href":"https:\/\/lainvalmistelu.finlex.fi\/sv\/wp-json\/wp\/v2\/media?parent=66"}],"wp:term":[{"taxonomy":"post_tag","embeddable":true,"href":"https:\/\/lainvalmistelu.finlex.fi\/sv\/wp-json\/wp\/v2\/tags?post=66"}],"curies":[{"name":"wp","href":"https:\/\/api.w.org\/{rel}","templated":true}]}}