{"id":64,"date":"2012-12-11T18:57:59","date_gmt":"2012-12-11T16:57:59","guid":{"rendered":"http:\/\/lainvalmistelu\/?page_id=64"},"modified":"2017-08-31T19:01:26","modified_gmt":"2017-08-31T16:01:26","slug":"1-esivalmistelu","status":"publish","type":"page","link":"https:\/\/lainvalmistelu.finlex.fi\/sv\/1-esivalmistelu\/","title":{"rendered":"1 F\u00f6rberedelse"},"content":{"rendered":"<p>F\u00f6rberedelse \u00e4r den f\u00f6rsta fasen i lagberedningsprocessen. Denna fas g\u00e5r ut p\u00e5 att sammanst\u00e4lla information och uppfattningar om det m\u00e5l eller problem som angetts i initiativet till lagberedning, bed\u00f6ma behovet av ett lagberedningsprojekt och planera m\u00e5len och uppdraget f\u00f6r det kommande projektet samt dess genomf\u00f6rande. Vilka f\u00f6rfaringss\u00e4tt som v\u00e4ljs och hur grundliga f\u00f6rberedelser som kr\u00e4vs beror p\u00e5 fr\u00e5gans omfattning. F\u00f6rberedelsefasen kan genomf\u00f6ras som tj\u00e4nsteuppdrag. Alternativt kan ett beredningsorgan tills\u00e4ttas. Unders\u00f6kningar eller utredningar kan best\u00e4llas f\u00f6r insamlingen av information och bed\u00f6mningen av \u00e4ndringsbehov. F\u00f6rberedelsefasen avslutas med att ett lagberedningsprojekt inleds eller ocks\u00e5 best\u00e4ms det att ingen lagberedning beh\u00f6vs.<\/p>\n<p><\/p>","protected":false},"excerpt":{"rendered":"<p>F\u00f6rberedelse \u00e4r den f\u00f6rsta fasen i lagberedningsprocessen. Denna fas g\u00e5r ut p\u00e5 att sammanst\u00e4lla information och uppfattningar om det m\u00e5l eller problem som angetts i initiativet till lagberedning, bed\u00f6ma behovet av ett lagberedningsprojekt och planera m\u00e5len och uppdraget f\u00f6r det kommande projektet samt dess genomf\u00f6rande. Vilka f\u00f6rfaringss\u00e4tt som v\u00e4ljs och hur grundliga f\u00f6rberedelser som kr\u00e4vs [&hellip;]<\/p>\n","protected":false},"author":1,"featured_media":0,"parent":0,"menu_order":0,"comment_status":"closed","ping_status":"closed","template":"","meta":{"footnotes":""},"tags":[],"_links":{"self":[{"href":"https:\/\/lainvalmistelu.finlex.fi\/sv\/wp-json\/wp\/v2\/pages\/64"}],"collection":[{"href":"https:\/\/lainvalmistelu.finlex.fi\/sv\/wp-json\/wp\/v2\/pages"}],"about":[{"href":"https:\/\/lainvalmistelu.finlex.fi\/sv\/wp-json\/wp\/v2\/types\/page"}],"author":[{"embeddable":true,"href":"https:\/\/lainvalmistelu.finlex.fi\/sv\/wp-json\/wp\/v2\/users\/1"}],"replies":[{"embeddable":true,"href":"https:\/\/lainvalmistelu.finlex.fi\/sv\/wp-json\/wp\/v2\/comments?post=64"}],"version-history":[{"count":29,"href":"https:\/\/lainvalmistelu.finlex.fi\/sv\/wp-json\/wp\/v2\/pages\/64\/revisions"}],"predecessor-version":[{"id":2005,"href":"https:\/\/lainvalmistelu.finlex.fi\/sv\/wp-json\/wp\/v2\/pages\/64\/revisions\/2005"}],"wp:attachment":[{"href":"https:\/\/lainvalmistelu.finlex.fi\/sv\/wp-json\/wp\/v2\/media?parent=64"}],"wp:term":[{"taxonomy":"post_tag","embeddable":true,"href":"https:\/\/lainvalmistelu.finlex.fi\/sv\/wp-json\/wp\/v2\/tags?post=64"}],"curies":[{"name":"wp","href":"https:\/\/api.w.org\/{rel}","templated":true}]}}