{"id":490,"date":"2012-12-17T12:15:45","date_gmt":"2012-12-17T10:15:45","guid":{"rendered":"http:\/\/lainvalmistelu\/?page_id=490"},"modified":"2013-01-25T12:41:03","modified_gmt":"2013-01-25T10:41:03","slug":"7-8-tasavallan-presidentin-paatos","status":"publish","type":"page","link":"https:\/\/lainvalmistelu.finlex.fi\/sv\/7-lain-vahvistaminen\/7-8-tasavallan-presidentin-paatos\/","title":{"rendered":"7.8 Republikens presidents beslut"},"content":{"rendered":"<p>Republikens president beslutar att stadf\u00e4sta lagen och undertecknar den. Om presidenten inte stadf\u00e4ster lagen, \u00e5terg\u00e5r den till riksdagen f\u00f6r behandling. Justitiekanslern \u00f6vervakar lagligheten av beslutsfattandet vid f\u00f6redragningen f\u00f6r republikens president.<\/p>\n<p>Informationen om stadf\u00e4stelsen publiceras i allm\u00e4nhet av ministeriet.<\/p>","protected":false},"excerpt":{"rendered":"<p>Republikens president beslutar att stadf\u00e4sta lagen och undertecknar den. Om presidenten inte stadf\u00e4ster lagen, \u00e5terg\u00e5r den till riksdagen f\u00f6r behandling. Justitiekanslern \u00f6vervakar lagligheten av beslutsfattandet vid f\u00f6redragningen f\u00f6r republikens president. Informationen om stadf\u00e4stelsen publiceras i allm\u00e4nhet av ministeriet.<\/p>\n","protected":false},"author":1,"featured_media":0,"parent":78,"menu_order":90,"comment_status":"closed","ping_status":"closed","template":"","meta":{"footnotes":""},"tags":[],"_links":{"self":[{"href":"https:\/\/lainvalmistelu.finlex.fi\/sv\/wp-json\/wp\/v2\/pages\/490"}],"collection":[{"href":"https:\/\/lainvalmistelu.finlex.fi\/sv\/wp-json\/wp\/v2\/pages"}],"about":[{"href":"https:\/\/lainvalmistelu.finlex.fi\/sv\/wp-json\/wp\/v2\/types\/page"}],"author":[{"embeddable":true,"href":"https:\/\/lainvalmistelu.finlex.fi\/sv\/wp-json\/wp\/v2\/users\/1"}],"replies":[{"embeddable":true,"href":"https:\/\/lainvalmistelu.finlex.fi\/sv\/wp-json\/wp\/v2\/comments?post=490"}],"version-history":[{"count":11,"href":"https:\/\/lainvalmistelu.finlex.fi\/sv\/wp-json\/wp\/v2\/pages\/490\/revisions"}],"predecessor-version":[{"id":1632,"href":"https:\/\/lainvalmistelu.finlex.fi\/sv\/wp-json\/wp\/v2\/pages\/490\/revisions\/1632"}],"up":[{"embeddable":true,"href":"https:\/\/lainvalmistelu.finlex.fi\/sv\/wp-json\/wp\/v2\/pages\/78"}],"wp:attachment":[{"href":"https:\/\/lainvalmistelu.finlex.fi\/sv\/wp-json\/wp\/v2\/media?parent=490"}],"wp:term":[{"taxonomy":"post_tag","embeddable":true,"href":"https:\/\/lainvalmistelu.finlex.fi\/sv\/wp-json\/wp\/v2\/tags?post=490"}],"curies":[{"name":"wp","href":"https:\/\/api.w.org\/{rel}","templated":true}]}}