{"id":482,"date":"2012-12-17T12:12:31","date_gmt":"2012-12-17T10:12:31","guid":{"rendered":"http:\/\/lainvalmistelu\/?page_id=482"},"modified":"2013-01-31T10:02:28","modified_gmt":"2013-01-31T08:02:28","slug":"7-6-korjauslistan-tekeminen","status":"publish","type":"page","link":"https:\/\/lainvalmistelu.finlex.fi\/sv\/7-lain-vahvistaminen\/7-6-korjauslistan-tekeminen\/","title":{"rendered":"7.6 Sammanst\u00e4llning av korrigeringslista"},"content":{"rendered":"<p><span class=\"hover-tooltip\" data-title=\"Beredningsteamet\" data-text=\"De tj\u00e4nstem\u00e4n som f\u00e5r till uppgift av tj\u00e4nstemannaledningen att delta i lagberedningsprojektet. Beredningsteamet best\u00e5r av ett n\u00f6dv\u00e4ndigt antal beredare och andra sakkunniga samt bitr\u00e4dande personal. En av beredarna i beredningsteamet utses till huvudansvarig f\u00f6r lagberedningsprojektet\">Beredningsteamet<\/span> g\u00f6r de korrigeringar i f\u00f6redragningslistorna som f\u00f6ranleds av granskningen av listorna, \u00e4ndrade uppgifter eller fel som teamet uppt\u00e4ckt och distribuerar korrigeringslistor med hj\u00e4lp av <span class=\"hover-tooltip\" data-title=\"PTJ\" data-text=\"St\u00f6dsystemet f\u00f6r beslutfattandet inom statsr\u00e5det\">PTJ<\/span>. Den <span class=\"hover-tooltip\" data-title=\"F\u00f6redragande\" data-text=\"Den tj\u00e4nsteman i lagberedningsprocessen p\u00e5 vars framst\u00e4llning det best\u00e4ms att en regerinsproposition ska \u00f6verl\u00e4mnas till riksdagen eller en lag stadf\u00e4stas. &lt;a href=&quot;http:\/\/www.finlex.fi\/sv\/laki\/ajantasa\/1999\/19990731#L10P118&quot; title=&quot;Finlands grundlag 118 \u00a7 2&quot; target=&quot;_blank&quot;&gt;Grundlagen 118 \u00a7 2&lt;\/a&gt;, &lt;a href=&quot;http:\/\/www.finlex.fi\/sv\/laki\/ajantasa\/2003\/20030175#L3P21&quot; title=&quot;Lag om statsr\u00e5det 21 \u00a7&quot; target=&quot;_blank&quot;&gt;Lag om statsr\u00e5det 21 \u00a7&lt;\/a&gt;, &lt;a href=&quot;http:\/\/www.finlex.fi\/sv\/laki\/ajantasa\/2003\/20030262#L5P34&quot; title=&quot;Statsr\u00e5dets reglemente 34 \u00a7&quot; target=&quot;_blank&quot;&gt;Statsr\u00e5dets reglemente 34 \u00a7&lt;\/a&gt;\">f\u00f6redragande<\/span> ansvarar f\u00f6r beredningsteamets arbete.<\/p>","protected":false},"excerpt":{"rendered":"<p>g\u00f6r de korrigeringar i f\u00f6redragningslistorna som f\u00f6ranleds av granskningen av listorna, \u00e4ndrade uppgifter eller fel som teamet uppt\u00e4ckt och distribuerar korrigeringslistor med hj\u00e4lp av . Den ansvarar f\u00f6r beredningsteamets arbete.<\/p>\n","protected":false},"author":1,"featured_media":0,"parent":78,"menu_order":60,"comment_status":"closed","ping_status":"closed","template":"","meta":{"footnotes":""},"tags":[],"_links":{"self":[{"href":"https:\/\/lainvalmistelu.finlex.fi\/sv\/wp-json\/wp\/v2\/pages\/482"}],"collection":[{"href":"https:\/\/lainvalmistelu.finlex.fi\/sv\/wp-json\/wp\/v2\/pages"}],"about":[{"href":"https:\/\/lainvalmistelu.finlex.fi\/sv\/wp-json\/wp\/v2\/types\/page"}],"author":[{"embeddable":true,"href":"https:\/\/lainvalmistelu.finlex.fi\/sv\/wp-json\/wp\/v2\/users\/1"}],"replies":[{"embeddable":true,"href":"https:\/\/lainvalmistelu.finlex.fi\/sv\/wp-json\/wp\/v2\/comments?post=482"}],"version-history":[{"count":14,"href":"https:\/\/lainvalmistelu.finlex.fi\/sv\/wp-json\/wp\/v2\/pages\/482\/revisions"}],"predecessor-version":[{"id":1866,"href":"https:\/\/lainvalmistelu.finlex.fi\/sv\/wp-json\/wp\/v2\/pages\/482\/revisions\/1866"}],"up":[{"embeddable":true,"href":"https:\/\/lainvalmistelu.finlex.fi\/sv\/wp-json\/wp\/v2\/pages\/78"}],"wp:attachment":[{"href":"https:\/\/lainvalmistelu.finlex.fi\/sv\/wp-json\/wp\/v2\/media?parent=482"}],"wp:term":[{"taxonomy":"post_tag","embeddable":true,"href":"https:\/\/lainvalmistelu.finlex.fi\/sv\/wp-json\/wp\/v2\/tags?post=482"}],"curies":[{"name":"wp","href":"https:\/\/api.w.org\/{rel}","templated":true}]}}