{"id":459,"date":"2012-12-17T11:55:59","date_gmt":"2012-12-17T09:55:59","guid":{"rendered":"http:\/\/lainvalmistelu\/?page_id=459"},"modified":"2013-01-31T09:37:56","modified_gmt":"2013-01-31T07:37:56","slug":"6-10-vastineen-antaminen-valiokunnalle","status":"publish","type":"page","link":"https:\/\/lainvalmistelu.finlex.fi\/sv\/6-eduskuntakasittely\/6-10-vastineen-antaminen-valiokunnalle\/","title":{"rendered":"6.10 \u00d6verl\u00e4mnande av bem\u00f6tande till utskottet"},"content":{"rendered":"<p><\/p>\n<p>Den <span class=\"hover-tooltip\" data-title=\"F\u00f6redragande\" data-text=\"Den tj\u00e4nsteman i lagberedningsprocessen p\u00e5 vars framst\u00e4llning det best\u00e4ms att en regerinsproposition ska \u00f6verl\u00e4mnas till riksdagen eller en lag stadf\u00e4stas. &lt;a href=&quot;http:\/\/www.finlex.fi\/sv\/laki\/ajantasa\/1999\/19990731#L10P118&quot; title=&quot;Finlands grundlag 118 \u00a7 2&quot; target=&quot;_blank&quot;&gt;Grundlagen 118 \u00a7 2&lt;\/a&gt;, &lt;a href=&quot;http:\/\/www.finlex.fi\/sv\/laki\/ajantasa\/2003\/20030175#L3P21&quot; title=&quot;Lag om statsr\u00e5det 21 \u00a7&quot; target=&quot;_blank&quot;&gt;Lag om statsr\u00e5det 21 \u00a7&lt;\/a&gt;, &lt;a href=&quot;http:\/\/www.finlex.fi\/sv\/laki\/ajantasa\/2003\/20030262#L5P34&quot; title=&quot;Statsr\u00e5dets reglemente 34 \u00a7&quot; target=&quot;_blank&quot;&gt;Statsr\u00e5dets reglemente 34 \u00a7&lt;\/a&gt;\">f\u00f6redragande<\/span> redog\u00f6r f\u00f6r huvudpunkterna i bem\u00f6tandet f\u00f6r utskottet.<\/p>\n<p>&nbsp;<\/p>\n<p><\/p>","protected":false},"excerpt":{"rendered":"<p>Den redog\u00f6r f\u00f6r huvudpunkterna i bem\u00f6tandet f\u00f6r utskottet. &nbsp;<\/p>\n","protected":false},"author":1,"featured_media":0,"parent":76,"menu_order":100,"comment_status":"closed","ping_status":"closed","template":"","meta":{"footnotes":""},"tags":[],"_links":{"self":[{"href":"https:\/\/lainvalmistelu.finlex.fi\/sv\/wp-json\/wp\/v2\/pages\/459"}],"collection":[{"href":"https:\/\/lainvalmistelu.finlex.fi\/sv\/wp-json\/wp\/v2\/pages"}],"about":[{"href":"https:\/\/lainvalmistelu.finlex.fi\/sv\/wp-json\/wp\/v2\/types\/page"}],"author":[{"embeddable":true,"href":"https:\/\/lainvalmistelu.finlex.fi\/sv\/wp-json\/wp\/v2\/users\/1"}],"replies":[{"embeddable":true,"href":"https:\/\/lainvalmistelu.finlex.fi\/sv\/wp-json\/wp\/v2\/comments?post=459"}],"version-history":[{"count":15,"href":"https:\/\/lainvalmistelu.finlex.fi\/sv\/wp-json\/wp\/v2\/pages\/459\/revisions"}],"predecessor-version":[{"id":1854,"href":"https:\/\/lainvalmistelu.finlex.fi\/sv\/wp-json\/wp\/v2\/pages\/459\/revisions\/1854"}],"up":[{"embeddable":true,"href":"https:\/\/lainvalmistelu.finlex.fi\/sv\/wp-json\/wp\/v2\/pages\/76"}],"wp:attachment":[{"href":"https:\/\/lainvalmistelu.finlex.fi\/sv\/wp-json\/wp\/v2\/media?parent=459"}],"wp:term":[{"taxonomy":"post_tag","embeddable":true,"href":"https:\/\/lainvalmistelu.finlex.fi\/sv\/wp-json\/wp\/v2\/tags?post=459"}],"curies":[{"name":"wp","href":"https:\/\/api.w.org\/{rel}","templated":true}]}}