{"id":438,"date":"2012-12-17T11:47:34","date_gmt":"2012-12-17T09:47:34","guid":{"rendered":"http:\/\/lainvalmistelu\/?page_id=438"},"modified":"2013-01-31T09:24:41","modified_gmt":"2013-01-31T07:24:41","slug":"5-10-lahetekeskusteluun-valmistautuminen","status":"publish","type":"page","link":"https:\/\/lainvalmistelu.finlex.fi\/sv\/5-valtioneuvoston-paatoksenteko\/5-10-lahetekeskusteluun-valmistautuminen\/","title":{"rendered":"5.10 F\u00f6rberedning f\u00f6r remissdebatt"},"content":{"rendered":"<p>Den <span class=\"hover-tooltip\" data-title=\"F\u00f6redragande\" data-text=\"Den tj\u00e4nsteman i lagberedningsprocessen p\u00e5 vars framst\u00e4llning det best\u00e4ms att en regerinsproposition ska \u00f6verl\u00e4mnas till riksdagen eller en lag stadf\u00e4stas. &lt;a href=&quot;http:\/\/www.finlex.fi\/sv\/laki\/ajantasa\/1999\/19990731#L10P118&quot; title=&quot;Finlands grundlag 118 \u00a7 2&quot; target=&quot;_blank&quot;&gt;Grundlagen 118 \u00a7 2&lt;\/a&gt;, &lt;a href=&quot;http:\/\/www.finlex.fi\/sv\/laki\/ajantasa\/2003\/20030175#L3P21&quot; title=&quot;Lag om statsr\u00e5det 21 \u00a7&quot; target=&quot;_blank&quot;&gt;Lag om statsr\u00e5det 21 \u00a7&lt;\/a&gt;, &lt;a href=&quot;http:\/\/www.finlex.fi\/sv\/laki\/ajantasa\/2003\/20030262#L5P34&quot; title=&quot;Statsr\u00e5dets reglemente 34 \u00a7&quot; target=&quot;_blank&quot;&gt;Statsr\u00e5dets reglemente 34 \u00a7&lt;\/a&gt;\">f\u00f6redragande<\/span>\/<span class=\"hover-tooltip\" data-title=\"Beredningsteamet\" data-text=\"De tj\u00e4nstem\u00e4n som f\u00e5r till uppgift av tj\u00e4nstemannaledningen att delta i lagberedningsprojektet. Beredningsteamet best\u00e5r av ett n\u00f6dv\u00e4ndigt antal beredare och andra sakkunniga samt bitr\u00e4dande personal. En av beredarna i beredningsteamet utses till huvudansvarig f\u00f6r lagberedningsprojektet\">beredningsteamet<\/span> skriver p\u00e5 ministerns beg\u00e4ran ett tal f\u00f6r honom eller henne f\u00f6r riksdagens remissdebatt. Remissdebatten f\u00f6rs vanligtvis n\u00e5gra dagar efter att regeringspropositionen har \u00f6verl\u00e4mnats.<\/p>","protected":false},"excerpt":{"rendered":"<p>Den \/ skriver p\u00e5 ministerns beg\u00e4ran ett tal f\u00f6r honom eller henne f\u00f6r riksdagens remissdebatt. Remissdebatten f\u00f6rs vanligtvis n\u00e5gra dagar efter att regeringspropositionen har \u00f6verl\u00e4mnats.<\/p>\n","protected":false},"author":1,"featured_media":0,"parent":74,"menu_order":110,"comment_status":"closed","ping_status":"closed","template":"","meta":{"footnotes":""},"tags":[],"_links":{"self":[{"href":"https:\/\/lainvalmistelu.finlex.fi\/sv\/wp-json\/wp\/v2\/pages\/438"}],"collection":[{"href":"https:\/\/lainvalmistelu.finlex.fi\/sv\/wp-json\/wp\/v2\/pages"}],"about":[{"href":"https:\/\/lainvalmistelu.finlex.fi\/sv\/wp-json\/wp\/v2\/types\/page"}],"author":[{"embeddable":true,"href":"https:\/\/lainvalmistelu.finlex.fi\/sv\/wp-json\/wp\/v2\/users\/1"}],"replies":[{"embeddable":true,"href":"https:\/\/lainvalmistelu.finlex.fi\/sv\/wp-json\/wp\/v2\/comments?post=438"}],"version-history":[{"count":10,"href":"https:\/\/lainvalmistelu.finlex.fi\/sv\/wp-json\/wp\/v2\/pages\/438\/revisions"}],"predecessor-version":[{"id":1841,"href":"https:\/\/lainvalmistelu.finlex.fi\/sv\/wp-json\/wp\/v2\/pages\/438\/revisions\/1841"}],"up":[{"embeddable":true,"href":"https:\/\/lainvalmistelu.finlex.fi\/sv\/wp-json\/wp\/v2\/pages\/74"}],"wp:attachment":[{"href":"https:\/\/lainvalmistelu.finlex.fi\/sv\/wp-json\/wp\/v2\/media?parent=438"}],"wp:term":[{"taxonomy":"post_tag","embeddable":true,"href":"https:\/\/lainvalmistelu.finlex.fi\/sv\/wp-json\/wp\/v2\/tags?post=438"}],"curies":[{"name":"wp","href":"https:\/\/api.w.org\/{rel}","templated":true}]}}