{"id":219,"date":"2012-12-11T20:14:11","date_gmt":"2012-12-11T18:14:11","guid":{"rendered":"http:\/\/lainvalmistelu\/?page_id=219"},"modified":"2013-01-30T14:36:53","modified_gmt":"2013-01-30T12:36:53","slug":"3-6","status":"publish","type":"page","link":"https:\/\/lainvalmistelu.finlex.fi\/sv\/3-lausuntomenettely\/3-6\/","title":{"rendered":"3.6 Genomg\u00e5ng av utl\u00e5tanden och utarbetande av sammanfattning"},"content":{"rendered":"<p><span class=\"hover-tooltip\" data-title=\"Beredningsteamet\" data-text=\"De tj\u00e4nstem\u00e4n som f\u00e5r till uppgift av tj\u00e4nstemannaledningen att delta i lagberedningsprojektet. Beredningsteamet best\u00e5r av ett n\u00f6dv\u00e4ndigt antal beredare och andra sakkunniga samt bitr\u00e4dande personal. En av beredarna i beredningsteamet utses till huvudansvarig f\u00f6r lagberedningsprojektet\">Beredningsteamet<\/span> utarbetar en sammanfattning av utl\u00e5tandena och ett sammandrag som inneh\u00e5ller utl\u00e5tandena som s\u00e5dana. D\u00e4rtill sammanst\u00e4ller beredningsteamet en promemoria om beaktandet av de f\u00f6rslag som lagts fram i utl\u00e5tandena och p\u00e5 diskussionsm\u00f6tet.<\/p>","protected":false},"excerpt":{"rendered":"<p>utarbetar en sammanfattning av utl\u00e5tandena och ett sammandrag som inneh\u00e5ller utl\u00e5tandena som s\u00e5dana. D\u00e4rtill sammanst\u00e4ller beredningsteamet en promemoria om beaktandet av de f\u00f6rslag som lagts fram i utl\u00e5tandena och p\u00e5 diskussionsm\u00f6tet.<\/p>\n","protected":false},"author":1,"featured_media":0,"parent":70,"menu_order":0,"comment_status":"closed","ping_status":"closed","template":"","meta":{"footnotes":""},"tags":[],"_links":{"self":[{"href":"https:\/\/lainvalmistelu.finlex.fi\/sv\/wp-json\/wp\/v2\/pages\/219"}],"collection":[{"href":"https:\/\/lainvalmistelu.finlex.fi\/sv\/wp-json\/wp\/v2\/pages"}],"about":[{"href":"https:\/\/lainvalmistelu.finlex.fi\/sv\/wp-json\/wp\/v2\/types\/page"}],"author":[{"embeddable":true,"href":"https:\/\/lainvalmistelu.finlex.fi\/sv\/wp-json\/wp\/v2\/users\/1"}],"replies":[{"embeddable":true,"href":"https:\/\/lainvalmistelu.finlex.fi\/sv\/wp-json\/wp\/v2\/comments?post=219"}],"version-history":[{"count":13,"href":"https:\/\/lainvalmistelu.finlex.fi\/sv\/wp-json\/wp\/v2\/pages\/219\/revisions"}],"predecessor-version":[{"id":1773,"href":"https:\/\/lainvalmistelu.finlex.fi\/sv\/wp-json\/wp\/v2\/pages\/219\/revisions\/1773"}],"up":[{"embeddable":true,"href":"https:\/\/lainvalmistelu.finlex.fi\/sv\/wp-json\/wp\/v2\/pages\/70"}],"wp:attachment":[{"href":"https:\/\/lainvalmistelu.finlex.fi\/sv\/wp-json\/wp\/v2\/media?parent=219"}],"wp:term":[{"taxonomy":"post_tag","embeddable":true,"href":"https:\/\/lainvalmistelu.finlex.fi\/sv\/wp-json\/wp\/v2\/tags?post=219"}],"curies":[{"name":"wp","href":"https:\/\/api.w.org\/{rel}","templated":true}]}}