{"id":180,"date":"2012-12-11T19:50:41","date_gmt":"2012-12-11T17:50:41","guid":{"rendered":"http:\/\/lainvalmistelu\/?page_id=180"},"modified":"2013-01-31T07:57:26","modified_gmt":"2013-01-31T05:57:26","slug":"2-8","status":"publish","type":"page","link":"https:\/\/lainvalmistelu.finlex.fi\/sv\/2b-perusvalmistelu-valmisteluelin\/2-8\/","title":{"rendered":"2.8 Sammanst\u00e4llning av utkast till RP"},"content":{"rendered":"<p><span class=\"hover-tooltip\" data-title=\"Beredningsorgan\" data-text=\"Arbetsgrupp, kommission, kommitt\u00e9 eller motsvarande grupp som ministeriet genom ett skriftlig beslut tilldelar en tidsbest\u00e4md lagberedningsuppgift\">Beredningsorganet<\/span> behandlar de inneh\u00e5llsm\u00e4ssiga riktlinjerna. Efter att riktlinjerna har behandlats:<\/p>\n<ul>\n<li>best\u00e4ms hur behandlingen av huvudfr\u00e5gorna i <span class=\"hover-tooltip\" data-title=\"Utkast till RP\" data-text=\"Utkast till regeringsproposition\">utkastet till RP<\/span> ska fortskrida, eller<\/li>\n<li>upprepas faserna 2.1\u20132.6.<\/li>\n<\/ul>\n<p>P\u00e5 basis av de inneh\u00e5llsm\u00e4ssiga riktlinjerna skriver beredningsteamet ett lagf\u00f6rslag med motivering i form av en regeringspreposition (RP). Beredningen kan fortskrida enligt olika tidsscheman i fr\u00e5ga om olika punkter eller fr\u00e5gor i faserna 2.2\u20132.8. Konsekvensbed\u00f6mningen kompletteras i enlighet med att l\u00f6sningarna preciseras p\u00e5 detaljniv\u00e5 och en sammanfattning av bed\u00f6mningen inf\u00f6rs i motiveringen i utkastet till RP. Vidare sammanst\u00e4lls utkast till f\u00f6rordningar som ska utf\u00e4rdas med st\u00f6d av den f\u00f6reslagna lagen och en plan f\u00f6r verkst\u00e4lligheten och uppf\u00f6ljningen. RP- och f\u00f6rordningsutkasten samt verkst\u00e4llighets- och uppf\u00f6ljningsplanerna behandlas av beredningsorganet.<\/p>\n<p>En f\u00f6rteckning \u00f6ver termer och namn som f\u00f6rekommer i lagtexten j\u00e4mte f\u00f6rklaringar s\u00e4nds vid behov till \u00f6vers\u00e4ttarna (svenska, samiska), som f\u00e5r kommentera deras funktion ur \u00f6vers\u00e4ttningssynvinkel.<\/p>","protected":false},"excerpt":{"rendered":"<p>behandlar de inneh\u00e5llsm\u00e4ssiga riktlinjerna. Efter att riktlinjerna har behandlats: best\u00e4ms hur behandlingen av huvudfr\u00e5gorna i ska fortskrida, eller upprepas faserna 2.1\u20132.6. P\u00e5 basis av de inneh\u00e5llsm\u00e4ssiga riktlinjerna skriver beredningsteamet ett lagf\u00f6rslag med motivering i form av en regeringspreposition (RP). Beredningen kan fortskrida enligt olika tidsscheman i fr\u00e5ga om olika punkter eller fr\u00e5gor i faserna 2.2\u20132.8. [&hellip;]<\/p>\n","protected":false},"author":1,"featured_media":0,"parent":68,"menu_order":80,"comment_status":"closed","ping_status":"closed","template":"","meta":{"footnotes":""},"tags":[],"_links":{"self":[{"href":"https:\/\/lainvalmistelu.finlex.fi\/sv\/wp-json\/wp\/v2\/pages\/180"}],"collection":[{"href":"https:\/\/lainvalmistelu.finlex.fi\/sv\/wp-json\/wp\/v2\/pages"}],"about":[{"href":"https:\/\/lainvalmistelu.finlex.fi\/sv\/wp-json\/wp\/v2\/types\/page"}],"author":[{"embeddable":true,"href":"https:\/\/lainvalmistelu.finlex.fi\/sv\/wp-json\/wp\/v2\/users\/1"}],"replies":[{"embeddable":true,"href":"https:\/\/lainvalmistelu.finlex.fi\/sv\/wp-json\/wp\/v2\/comments?post=180"}],"version-history":[{"count":14,"href":"https:\/\/lainvalmistelu.finlex.fi\/sv\/wp-json\/wp\/v2\/pages\/180\/revisions"}],"predecessor-version":[{"id":1002,"href":"https:\/\/lainvalmistelu.finlex.fi\/sv\/wp-json\/wp\/v2\/pages\/180\/revisions\/1002"}],"up":[{"embeddable":true,"href":"https:\/\/lainvalmistelu.finlex.fi\/sv\/wp-json\/wp\/v2\/pages\/68"}],"wp:attachment":[{"href":"https:\/\/lainvalmistelu.finlex.fi\/sv\/wp-json\/wp\/v2\/media?parent=180"}],"wp:term":[{"taxonomy":"post_tag","embeddable":true,"href":"https:\/\/lainvalmistelu.finlex.fi\/sv\/wp-json\/wp\/v2\/tags?post=180"}],"curies":[{"name":"wp","href":"https:\/\/api.w.org\/{rel}","templated":true}]}}