{"id":152,"date":"2012-12-11T19:43:11","date_gmt":"2012-12-11T17:43:11","guid":{"rendered":"http:\/\/lainvalmistelu\/?page_id=152"},"modified":"2020-06-16T10:58:10","modified_gmt":"2020-06-16T07:58:10","slug":"2-10","status":"publish","type":"page","link":"https:\/\/lainvalmistelu.finlex.fi\/sv\/2a-perusvalmistelu-virkatyo\/2-10\/","title":{"rendered":"2.10 Synpunkter"},"content":{"rendered":"<p><span class=\"hover-tooltip\" data-title=\"Intressentgrupperna\" data-text=\"Akt\u00f6rer utanf\u00f6r det beredande ministeriet, vilka p\u00e5verkas av den lag som bereds eller vilka har insikt om dess konsekvenser, till exempel andra ministerier, myndigheter, forskningsinstitut, organisationer, f\u00f6retag och medborgarna\">Intressentgrupperna<\/span> h\u00f6rs om utkasten till f\u00f6rfattningar samt om verkst\u00e4lligheten av dessa och uppf\u00f6ljningen av deras konsekvenser. Samtidigt ges en uppskattning av tidsschemat f\u00f6r remissf\u00f6rfarandet. Det praktiska engagemanget av och kommunikationen med intressentgrupperna planeras vid behov med kommunikationsexperter. Som st\u00f6d i genomf\u00f6randet kan man utnyttja webbforumet <a href=\"http:\/\/www.otakantaa.fi\/sv-FI\" title=\"Dinasikt.fi\" target=\"_blank\">Dinasikt<\/a>. Responsen fr\u00e5n intressentgrupperna sammanst\u00e4lls.<\/p>","protected":false},"excerpt":{"rendered":"<p>h\u00f6rs om utkasten till f\u00f6rfattningar samt om verkst\u00e4lligheten av dessa och uppf\u00f6ljningen av deras konsekvenser. Samtidigt ges en uppskattning av tidsschemat f\u00f6r remissf\u00f6rfarandet. Det praktiska engagemanget av och kommunikationen med intressentgrupperna planeras vid behov med kommunikationsexperter. Som st\u00f6d i genomf\u00f6randet kan man utnyttja webbforumet . Responsen fr\u00e5n intressentgrupperna sammanst\u00e4lls.<\/p>\n","protected":false},"author":1,"featured_media":0,"parent":66,"menu_order":100,"comment_status":"closed","ping_status":"closed","template":"","meta":{"footnotes":""},"tags":[],"_links":{"self":[{"href":"https:\/\/lainvalmistelu.finlex.fi\/sv\/wp-json\/wp\/v2\/pages\/152"}],"collection":[{"href":"https:\/\/lainvalmistelu.finlex.fi\/sv\/wp-json\/wp\/v2\/pages"}],"about":[{"href":"https:\/\/lainvalmistelu.finlex.fi\/sv\/wp-json\/wp\/v2\/types\/page"}],"author":[{"embeddable":true,"href":"https:\/\/lainvalmistelu.finlex.fi\/sv\/wp-json\/wp\/v2\/users\/1"}],"replies":[{"embeddable":true,"href":"https:\/\/lainvalmistelu.finlex.fi\/sv\/wp-json\/wp\/v2\/comments?post=152"}],"version-history":[{"count":22,"href":"https:\/\/lainvalmistelu.finlex.fi\/sv\/wp-json\/wp\/v2\/pages\/152\/revisions"}],"predecessor-version":[{"id":2116,"href":"https:\/\/lainvalmistelu.finlex.fi\/sv\/wp-json\/wp\/v2\/pages\/152\/revisions\/2116"}],"up":[{"embeddable":true,"href":"https:\/\/lainvalmistelu.finlex.fi\/sv\/wp-json\/wp\/v2\/pages\/66"}],"wp:attachment":[{"href":"https:\/\/lainvalmistelu.finlex.fi\/sv\/wp-json\/wp\/v2\/media?parent=152"}],"wp:term":[{"taxonomy":"post_tag","embeddable":true,"href":"https:\/\/lainvalmistelu.finlex.fi\/sv\/wp-json\/wp\/v2\/tags?post=152"}],"curies":[{"name":"wp","href":"https:\/\/api.w.org\/{rel}","templated":true}]}}