{"id":129,"date":"2012-12-11T19:36:54","date_gmt":"2012-12-11T17:36:54","guid":{"rendered":"http:\/\/lainvalmistelu\/?page_id=129"},"modified":"2020-06-16T10:55:11","modified_gmt":"2020-06-16T07:55:11","slug":"2-3","status":"publish","type":"page","link":"https:\/\/lainvalmistelu.finlex.fi\/sv\/2a-perusvalmistelu-virkatyo\/2-3\/","title":{"rendered":"2.3 Synpunkter"},"content":{"rendered":"<p>Experter och andra <span class=\"hover-tooltip\" data-title=\"Intressentgrupperna\" data-text=\"Akt\u00f6rer utanf\u00f6r det beredande ministeriet, vilka p\u00e5verkas av den lag som bereds eller vilka har insikt om dess konsekvenser, till exempel andra ministerier, myndigheter, forskningsinstitut, organisationer, f\u00f6retag och medborgarna\">intressentgrupper<\/span> h\u00f6rs om kunskapsunderlaget. Kommunikationen med intressentgrupperna och deras praktiska roll planeras vid behov med kommunikationsexperter. Som st\u00f6d i genomf\u00f6randet kan man utnyttja webbforumet <a href=\"http:\/\/www.otakantaa.fi\/sv-FI\" title=\"Dinasikt.fi\" target=\"_blank\">Dinasikt<\/a>. Responsen fr\u00e5n intressentgrupperna sammanst\u00e4lls.<\/p>","protected":false},"excerpt":{"rendered":"<p>Experter och andra h\u00f6rs om kunskapsunderlaget. Kommunikationen med intressentgrupperna och deras praktiska roll planeras vid behov med kommunikationsexperter. Som st\u00f6d i genomf\u00f6randet kan man utnyttja webbforumet . Responsen fr\u00e5n intressentgrupperna sammanst\u00e4lls.<\/p>\n","protected":false},"author":1,"featured_media":0,"parent":66,"menu_order":30,"comment_status":"closed","ping_status":"closed","template":"","meta":{"footnotes":""},"tags":[],"_links":{"self":[{"href":"https:\/\/lainvalmistelu.finlex.fi\/sv\/wp-json\/wp\/v2\/pages\/129"}],"collection":[{"href":"https:\/\/lainvalmistelu.finlex.fi\/sv\/wp-json\/wp\/v2\/pages"}],"about":[{"href":"https:\/\/lainvalmistelu.finlex.fi\/sv\/wp-json\/wp\/v2\/types\/page"}],"author":[{"embeddable":true,"href":"https:\/\/lainvalmistelu.finlex.fi\/sv\/wp-json\/wp\/v2\/users\/1"}],"replies":[{"embeddable":true,"href":"https:\/\/lainvalmistelu.finlex.fi\/sv\/wp-json\/wp\/v2\/comments?post=129"}],"version-history":[{"count":19,"href":"https:\/\/lainvalmistelu.finlex.fi\/sv\/wp-json\/wp\/v2\/pages\/129\/revisions"}],"predecessor-version":[{"id":2109,"href":"https:\/\/lainvalmistelu.finlex.fi\/sv\/wp-json\/wp\/v2\/pages\/129\/revisions\/2109"}],"up":[{"embeddable":true,"href":"https:\/\/lainvalmistelu.finlex.fi\/sv\/wp-json\/wp\/v2\/pages\/66"}],"wp:attachment":[{"href":"https:\/\/lainvalmistelu.finlex.fi\/sv\/wp-json\/wp\/v2\/media?parent=129"}],"wp:term":[{"taxonomy":"post_tag","embeddable":true,"href":"https:\/\/lainvalmistelu.finlex.fi\/sv\/wp-json\/wp\/v2\/tags?post=129"}],"curies":[{"name":"wp","href":"https:\/\/api.w.org\/{rel}","templated":true}]}}