{"id":120,"date":"2012-12-11T19:32:24","date_gmt":"2012-12-11T17:32:24","guid":{"rendered":"http:\/\/lainvalmistelu\/?page_id=120"},"modified":"2020-08-03T14:50:43","modified_gmt":"2020-08-03T11:50:43","slug":"1-7","status":"publish","type":"page","link":"https:\/\/lainvalmistelu.finlex.fi\/sv\/1-esivalmistelu\/1-7\/","title":{"rendered":"1.7 Beslut om tills\u00e4ttande av projekt"},"content":{"rendered":"<p>Ministern eller <span class=\"hover-tooltip\" data-title=\"Tj\u00e4nstemannaledningen\" data-text=\"Ministeriets kanslichef, avdelningschef, enhetschef eller annan chef f\u00f6r beredaren\">tj\u00e4nstemannaledningen<\/span> beslutar att inleda ett lagstiftningsprojekt. Vid behov f\u00f6rhandlar man med de \u00f6vriga ministerierna om beslutet, i synnerhet om \u00e4rendet inte ing\u00e5r i regeringsprogrammet. Beslutsalternativ:<\/p>\n<ul>\n<li>ett lagstiftningsprojekt inleds<\/li>\n<li>faserna 1.5\u20131.6 upprepas, eller<\/li>\n<li>beredningen avbryts<\/li>\n<\/ul>\n<p>I fr\u00e5ga om EU-f\u00f6rfattningar tills\u00e4tts ett projekt f\u00f6r beredning av nationell lagstiftning omedelbart efter att en EU-f\u00f6rfattning som f\u00f6ruts\u00e4tter nationellt genomf\u00f6rande har godk\u00e4nts.<\/p>\n<p>Beslutet om tills\u00e4ttande av projekt inneh\u00e5ller:<\/p>\n<ul>\n<li>m\u00e5l betr\u00e4ffande samh\u00e4llet och r\u00e4ttsordningen<\/li>\n<li>m\u00e5l betr\u00e4ffande lagberedningens kvalitet, t.ex. h\u00f6rande av medborgarna, lagspr\u00e5kets begriplighet eller s\u00e4rskilt bed\u00f6mningen av vissa konsekvenser, s\u00e5som konsekvenserna i relation till de spr\u00e5kliga r\u00e4ttigheterna<\/li>\n<li>definition och avgr\u00e4nsning av uppdraget<\/li>\n<li>tidsfrist<\/li>\n<li>personerna som deltar i projektet och deras roll: beredningsorganets sammans\u00e4ttning eller, i fr\u00e5ga om tj\u00e4nsteuppdrag, beredningsteamet<\/li>\n<li>finansiering av projektet och verkst\u00e4lligheten av lagen, samt<\/li>\n<li>uppf\u00f6ljning och rapportering av projektet.<\/li>\n<\/ul>\n<p><span class=\"hover-tooltip\" data-title=\"Beredningsorgan\" data-text=\"Arbetsgrupp, kommission, kommitt\u00e9 eller motsvarande grupp som ministeriet genom ett skriftlig beslut tilldelar en tidsbest\u00e4md lagberedningsuppgift\">Beredningsorganet<\/span> tills\u00e4tts av ministern eller tj\u00e4nstemannaledningen. Statsr\u00e5dets allm\u00e4nna sammantr\u00e4de kan tills\u00e4tta en kommitt\u00e9 f\u00f6r beredningen av ett samh\u00e4llspolitiskt betydande \u00e4rende.<\/p>\n<p>D\u00e4rtill s\u00e4kerst\u00e4lls att ramarna f\u00f6r statsfinanserna och statsbudgeten inneh\u00e5ller en f\u00f6rbindelse till beredningen och verkst\u00e4lligheten av projektet. Om ingen s\u00e5dan f\u00f6rbindelse \u00e4nnu har fastst\u00e4llts ska en r\u00e4ttidig behandling av fr\u00e5gan s\u00e4kerst\u00e4llas. I vissa fall behandlas tills\u00e4ttandet av beredningsorgan i statsr\u00e5dets finansutskott.<\/p>\n<p>Ministeriet informerar om inledandet av projektet p\u00e5 sin webbplats och vid behov ocks\u00e5 p\u00e5 andra s\u00e4tt. Uppgifterna i statsr\u00e5dets gemensamma \u00e4rendehanteringssystemet(VAHVA) och i statsr\u00e5dets projektportal (Projektportalen) uppdateras.<\/p>","protected":false},"excerpt":{"rendered":"<p>Ministern eller beslutar att inleda ett lagstiftningsprojekt. Vid behov f\u00f6rhandlar man med de \u00f6vriga ministerierna om beslutet, i synnerhet om \u00e4rendet inte ing\u00e5r i regeringsprogrammet. Beslutsalternativ: ett lagstiftningsprojekt inleds faserna 1.5\u20131.6 upprepas, eller beredningen avbryts I fr\u00e5ga om EU-f\u00f6rfattningar tills\u00e4tts ett projekt f\u00f6r beredning av nationell lagstiftning omedelbart efter att en EU-f\u00f6rfattning som f\u00f6ruts\u00e4tter nationellt [&hellip;]<\/p>\n","protected":false},"author":1,"featured_media":0,"parent":64,"menu_order":0,"comment_status":"closed","ping_status":"closed","template":"","meta":{"footnotes":""},"tags":[],"_links":{"self":[{"href":"https:\/\/lainvalmistelu.finlex.fi\/sv\/wp-json\/wp\/v2\/pages\/120"}],"collection":[{"href":"https:\/\/lainvalmistelu.finlex.fi\/sv\/wp-json\/wp\/v2\/pages"}],"about":[{"href":"https:\/\/lainvalmistelu.finlex.fi\/sv\/wp-json\/wp\/v2\/types\/page"}],"author":[{"embeddable":true,"href":"https:\/\/lainvalmistelu.finlex.fi\/sv\/wp-json\/wp\/v2\/users\/1"}],"replies":[{"embeddable":true,"href":"https:\/\/lainvalmistelu.finlex.fi\/sv\/wp-json\/wp\/v2\/comments?post=120"}],"version-history":[{"count":26,"href":"https:\/\/lainvalmistelu.finlex.fi\/sv\/wp-json\/wp\/v2\/pages\/120\/revisions"}],"predecessor-version":[{"id":2120,"href":"https:\/\/lainvalmistelu.finlex.fi\/sv\/wp-json\/wp\/v2\/pages\/120\/revisions\/2120"}],"up":[{"embeddable":true,"href":"https:\/\/lainvalmistelu.finlex.fi\/sv\/wp-json\/wp\/v2\/pages\/64"}],"wp:attachment":[{"href":"https:\/\/lainvalmistelu.finlex.fi\/sv\/wp-json\/wp\/v2\/media?parent=120"}],"wp:term":[{"taxonomy":"post_tag","embeddable":true,"href":"https:\/\/lainvalmistelu.finlex.fi\/sv\/wp-json\/wp\/v2\/tags?post=120"}],"curies":[{"name":"wp","href":"https:\/\/api.w.org\/{rel}","templated":true}]}}