{"id":1153,"date":"2013-01-04T17:35:44","date_gmt":"2013-01-04T15:35:44","guid":{"rendered":"http:\/\/lainvalmistelu\/?page_id=1153"},"modified":"2013-01-28T07:50:17","modified_gmt":"2013-01-28T05:50:17","slug":"lakien-saataminen","status":"publish","type":"page","link":"https:\/\/lainvalmistelu.finlex.fi\/sv\/lakien-saataminen\/","title":{"rendered":"Lagstiftningsprocessen"},"content":{"rendered":"<p>Enligt Finlands grundlag ut\u00f6vas den lagstiftande makten av riksdagen. Lagarna bereds av det ministerium till vars verksamhetsomr\u00e5de \u00e4rendet h\u00f6r. Principiellt viktigare lagstiftning bereds av kommitt\u00e9er och kommissioner, i vilka ing\u00e5r representanter f\u00f6r olika f\u00f6rvaltningsomr\u00e5den, partier och andra vilkas f\u00f6rdel lagstiftningen g\u00e4ller. Olika intressegrupper f\u00e5r ge utl\u00e5tanden om lagf\u00f6rslag och s\u00e4ga sin \u00e5sikt vid s\u00e4rskilda tillf\u00e4llen som ordnas f\u00f6r att intressegrupperna skall bli h\u00f6rda.<\/p>\n<p>Regeringens propositioner, som har beretts av ministerierna, behandlas vid statsr\u00e5dets allm\u00e4nna sammantr\u00e4de. Ministerierna ansvarar ocks\u00e5 f\u00f6r beredningen av f\u00f6rordningar. Republikens president, statsr\u00e5det eller ett ministerium kan utf\u00e4rda f\u00f6rordningar med st\u00f6d av en lag som riksdagen har stiftat.<\/p>\n<p>Regeringens propositioner \u00f6verl\u00e4mnas till riksdagen med bes\u00f6lutet som fattas vid statsr\u00e5dets allm\u00e4nna sammantr\u00e4de. Ett vanligt lagf\u00f6rslag behandlas av riksdagen vid tv\u00e5 olika behandlingar i riksdagens plenum. Dessa tv\u00e5 behandlingar i plenum f\u00f6reg\u00e5s av utskottsbehandlingen, som \u00e4r viktig f\u00f6r utformningen av lagen. Utskotten h\u00f6r sakkunniga och myndigheter. Riksdagen kan godk\u00e4nna en proposition, \u00e4ndra den eller f\u00f6rkasta den. Beslutet fattas med enkel majoritet, dvs. den \u00e5sikt som samlar mera \u00e4n h\u00e4lften av r\u00f6sterna segrar.<\/p>\n<p>Ett godk\u00e4nt f\u00f6rslag om stiftande eller \u00e4ndring av grundlag l\u00e4mnas vilande \u00f6ver nyval. Propositionen tas d\u00e5 upp till ny behandling av den riksdag som tilltr\u00e4der efter valet och m\u00e5ste d\u00e5 f\u00f6r att bli godk\u00e4nd f\u00e5 tv\u00e5 tredjedelar av de avgivna r\u00f6sterna. Riksdagen kan p\u00e5skynda behandlingen av en grundlag genom att f\u00f6rklara behandlingen br\u00e5dskande med fem sj\u00e4ttedelar av de avgivna r\u00f6sterna. Samma riksdag kan d\u00e5 godk\u00e4nna \u00e4ndringen av grundlagen med tv\u00e5 tredjedelar av de avgivna r\u00f6sterna.<\/p>\n<p>N\u00e4r en lag har antagits av riksdagen stadf\u00e4ster presidenten lagen och best\u00e4mmer n\u00e4r den skall tr\u00e4da i kraft, om inte riksdagen redan har fattat beslut om ikrafttr\u00e4dandet.<\/p>\n<p>F\u00f6r att riksdagen i tillr\u00e4ckligt god tid skall kunna delta i beredningen av Europeiska gemenskapens f\u00f6rfattningar, informeras riksdagen redan i beredningsskedet om alla EU:s f\u00f6rfattningsf\u00f6rslag samt om den st\u00e5ndpunkt som statsr\u00e5det f\u00f6resl\u00e5r att Finland skall omfatta i saken. EU-\u00e4rendena behandlas av riksdagens stora utskott.<\/p>","protected":false},"excerpt":{"rendered":"<p>Enligt Finlands grundlag ut\u00f6vas den lagstiftande makten av riksdagen. Lagarna bereds av det ministerium till vars verksamhetsomr\u00e5de \u00e4rendet h\u00f6r. Principiellt viktigare lagstiftning bereds av kommitt\u00e9er och kommissioner, i vilka ing\u00e5r representanter f\u00f6r olika f\u00f6rvaltningsomr\u00e5den, partier och andra vilkas f\u00f6rdel lagstiftningen g\u00e4ller. Olika intressegrupper f\u00e5r ge utl\u00e5tanden om lagf\u00f6rslag och s\u00e4ga sin \u00e5sikt vid s\u00e4rskilda tillf\u00e4llen [&hellip;]<\/p>\n","protected":false},"author":1,"featured_media":0,"parent":0,"menu_order":0,"comment_status":"closed","ping_status":"closed","template":"textpage.php","meta":{"footnotes":""},"tags":[],"_links":{"self":[{"href":"https:\/\/lainvalmistelu.finlex.fi\/sv\/wp-json\/wp\/v2\/pages\/1153"}],"collection":[{"href":"https:\/\/lainvalmistelu.finlex.fi\/sv\/wp-json\/wp\/v2\/pages"}],"about":[{"href":"https:\/\/lainvalmistelu.finlex.fi\/sv\/wp-json\/wp\/v2\/types\/page"}],"author":[{"embeddable":true,"href":"https:\/\/lainvalmistelu.finlex.fi\/sv\/wp-json\/wp\/v2\/users\/1"}],"replies":[{"embeddable":true,"href":"https:\/\/lainvalmistelu.finlex.fi\/sv\/wp-json\/wp\/v2\/comments?post=1153"}],"version-history":[{"count":9,"href":"https:\/\/lainvalmistelu.finlex.fi\/sv\/wp-json\/wp\/v2\/pages\/1153\/revisions"}],"predecessor-version":[{"id":1641,"href":"https:\/\/lainvalmistelu.finlex.fi\/sv\/wp-json\/wp\/v2\/pages\/1153\/revisions\/1641"}],"wp:attachment":[{"href":"https:\/\/lainvalmistelu.finlex.fi\/sv\/wp-json\/wp\/v2\/media?parent=1153"}],"wp:term":[{"taxonomy":"post_tag","embeddable":true,"href":"https:\/\/lainvalmistelu.finlex.fi\/sv\/wp-json\/wp\/v2\/tags?post=1153"}],"curies":[{"name":"wp","href":"https:\/\/api.w.org\/{rel}","templated":true}]}}