{"id":219,"date":"2012-12-11T20:14:11","date_gmt":"2012-12-11T18:14:11","guid":{"rendered":"http:\/\/lainvalmistelu\/?page_id=219"},"modified":"2013-01-30T14:36:53","modified_gmt":"2013-01-30T12:36:53","slug":"3-6","status":"publish","type":"page","link":"https:\/\/lainvalmistelu.finlex.fi\/en\/3-lausuntomenettely\/3-6\/","title":{"rendered":"(suomi) 3.6 Lausuntojen l\u00e4pik\u00e4ynti ja tiivistelm\u00e4n laatiminen"},"content":{"rendered":"<p><\/p>\n<p><\/p>","protected":false},"excerpt":{"rendered":"","protected":false},"author":1,"featured_media":0,"parent":70,"menu_order":0,"comment_status":"closed","ping_status":"closed","template":"","meta":{"footnotes":""},"tags":[],"_links":{"self":[{"href":"https:\/\/lainvalmistelu.finlex.fi\/en\/wp-json\/wp\/v2\/pages\/219"}],"collection":[{"href":"https:\/\/lainvalmistelu.finlex.fi\/en\/wp-json\/wp\/v2\/pages"}],"about":[{"href":"https:\/\/lainvalmistelu.finlex.fi\/en\/wp-json\/wp\/v2\/types\/page"}],"author":[{"embeddable":true,"href":"https:\/\/lainvalmistelu.finlex.fi\/en\/wp-json\/wp\/v2\/users\/1"}],"replies":[{"embeddable":true,"href":"https:\/\/lainvalmistelu.finlex.fi\/en\/wp-json\/wp\/v2\/comments?post=219"}],"version-history":[{"count":13,"href":"https:\/\/lainvalmistelu.finlex.fi\/en\/wp-json\/wp\/v2\/pages\/219\/revisions"}],"predecessor-version":[{"id":1773,"href":"https:\/\/lainvalmistelu.finlex.fi\/en\/wp-json\/wp\/v2\/pages\/219\/revisions\/1773"}],"up":[{"embeddable":true,"href":"https:\/\/lainvalmistelu.finlex.fi\/en\/wp-json\/wp\/v2\/pages\/70"}],"wp:attachment":[{"href":"https:\/\/lainvalmistelu.finlex.fi\/en\/wp-json\/wp\/v2\/media?parent=219"}],"wp:term":[{"taxonomy":"post_tag","embeddable":true,"href":"https:\/\/lainvalmistelu.finlex.fi\/en\/wp-json\/wp\/v2\/tags?post=219"}],"curies":[{"name":"wp","href":"https:\/\/api.w.org\/{rel}","templated":true}]}}