{"id":120,"date":"2012-12-11T19:32:24","date_gmt":"2012-12-11T17:32:24","guid":{"rendered":"http:\/\/lainvalmistelu\/?page_id=120"},"modified":"2020-08-03T14:50:43","modified_gmt":"2020-08-03T11:50:43","slug":"1-7","status":"publish","type":"page","link":"https:\/\/lainvalmistelu.finlex.fi\/en\/1-esivalmistelu\/1-7\/","title":{"rendered":"(suomi) 1.7 P\u00e4\u00e4t\u00f6s hankkeen asettamisesta"},"content":{"rendered":"<p><\/p>\n<p><\/p>","protected":false},"excerpt":{"rendered":"","protected":false},"author":1,"featured_media":0,"parent":64,"menu_order":0,"comment_status":"closed","ping_status":"closed","template":"","meta":{"footnotes":""},"tags":[],"_links":{"self":[{"href":"https:\/\/lainvalmistelu.finlex.fi\/en\/wp-json\/wp\/v2\/pages\/120"}],"collection":[{"href":"https:\/\/lainvalmistelu.finlex.fi\/en\/wp-json\/wp\/v2\/pages"}],"about":[{"href":"https:\/\/lainvalmistelu.finlex.fi\/en\/wp-json\/wp\/v2\/types\/page"}],"author":[{"embeddable":true,"href":"https:\/\/lainvalmistelu.finlex.fi\/en\/wp-json\/wp\/v2\/users\/1"}],"replies":[{"embeddable":true,"href":"https:\/\/lainvalmistelu.finlex.fi\/en\/wp-json\/wp\/v2\/comments?post=120"}],"version-history":[{"count":26,"href":"https:\/\/lainvalmistelu.finlex.fi\/en\/wp-json\/wp\/v2\/pages\/120\/revisions"}],"predecessor-version":[{"id":2120,"href":"https:\/\/lainvalmistelu.finlex.fi\/en\/wp-json\/wp\/v2\/pages\/120\/revisions\/2120"}],"up":[{"embeddable":true,"href":"https:\/\/lainvalmistelu.finlex.fi\/en\/wp-json\/wp\/v2\/pages\/64"}],"wp:attachment":[{"href":"https:\/\/lainvalmistelu.finlex.fi\/en\/wp-json\/wp\/v2\/media?parent=120"}],"wp:term":[{"taxonomy":"post_tag","embeddable":true,"href":"https:\/\/lainvalmistelu.finlex.fi\/en\/wp-json\/wp\/v2\/tags?post=120"}],"curies":[{"name":"wp","href":"https:\/\/api.w.org\/{rel}","templated":true}]}}